{"id":4486,"date":"2019-04-10T21:35:39","date_gmt":"2019-04-10T21:35:39","guid":{"rendered":"http:\/\/marcosmedina.es\/?page_id=4486"},"modified":"2025-01-24T20:31:45","modified_gmt":"2025-01-24T20:31:45","slug":"shop","status":"publish","type":"page","link":"https:\/\/www.marcosmedina.es\/?page_id=4486","title":{"rendered":"COCKTAIL"},"content":{"rendered":"\n<pre class=\"wp-block-preformatted has-normal-font-size\">Es un concepto minimalista de recuerdos que viaja en mi memoria cuando pienso en lugares, formas y objetos que han estado y est\u00e1n en mi vida. <\/pre>\n\n\n\n<p><\/p>\n\n\n\n<pre class=\"wp-block-preformatted has-normal-font-size\">Me abstraigo de las formas y del volumen sintetizando todo en l\u00edneas y colores, formalizando una m\u00ednima expresi\u00f3n en la imagen. A\u00f1ado objetos y formas org\u00e1nicas de manera visceral sobre esos colores y formas para reafirmar el momento justo de esos recuerdos. <\/pre>\n\n\n\n<pre class=\"wp-block-preformatted has-normal-font-size\">El procedimiento de captaci\u00f3n es puro, artesanal y sin uso de postproducci\u00f3n. Se utiliza capas de texturas diferentes dispuestas para lograr formas reconocibles. <\/pre>\n\n\n\n<pre class=\"wp-block-preformatted has-normal-font-size\">La doble perspectiva es consecuencia de convertir el \u00e1ngulo recto en llano.<\/pre>\n\n\n\n<div style=\"height:100px\" aria-hidden=\"true\" class=\"wp-block-spacer\"><\/div>\n\n\n\n<figure class=\"wp-block-video\"><video autoplay controls loop poster=\"http:\/\/www.marcosmedina.es\/wp-content\/uploads\/2019\/06\/COCKTAIL.jpg\" preload=\"auto\" src=\"http:\/\/www.marcosmedina.es\/wp-content\/uploads\/2024\/08\/COCKTAIL-movil.mp4\"><\/video><figcaption class=\"wp-element-caption\"><strong>\u00abMAKING OF\u00bb<\/strong><\/figcaption><\/figure>\n\n\n\n<div style=\"height:115px\" aria-hidden=\"true\" class=\"wp-block-spacer\"><\/div>\n\n\n\n<p class=\"has-text-align-center\"><strong>\u00abCOCKTAIL\u00bb<\/strong><br>(2017-2018)<\/p>\n\n\n\n<div style=\"height:34px\" aria-hidden=\"true\" class=\"wp-block-spacer\"><\/div>\n\n\n<div class=\"wp-block-image\">\n<figure class=\"aligncenter size-large\"><img loading=\"lazy\" decoding=\"async\" width=\"1500\" height=\"1125\" src=\"https:\/\/www.marcosmedina.es\/wp-content\/uploads\/2024\/08\/DSF9705-Editar-2.jpg\" alt=\"\" class=\"wp-image-8369\" srcset=\"https:\/\/www.marcosmedina.es\/wp-content\/uploads\/2024\/08\/DSF9705-Editar-2.jpg 1500w, https:\/\/www.marcosmedina.es\/wp-content\/uploads\/2024\/08\/DSF9705-Editar-2-940x705.jpg 940w, https:\/\/www.marcosmedina.es\/wp-content\/uploads\/2024\/08\/DSF9705-Editar-2-431x323.jpg 431w\" sizes=\"(max-width: 799px) 94vw, (max-width: 1023px) 67vw, (max-width: 1365px) 62vw, 1037\" \/><\/figure><\/div>\n\n\n<div style=\"height:100px\" aria-hidden=\"true\" class=\"wp-block-spacer\"><\/div>\n\n\n<div class=\"wp-block-image\">\n<figure class=\"aligncenter size-large\"><img loading=\"lazy\" decoding=\"async\" width=\"1500\" height=\"1125\" src=\"https:\/\/www.marcosmedina.es\/wp-content\/uploads\/2024\/08\/DSF0234-Editar.jpg\" alt=\"\" class=\"wp-image-8357\" srcset=\"https:\/\/www.marcosmedina.es\/wp-content\/uploads\/2024\/08\/DSF0234-Editar.jpg 1500w, https:\/\/www.marcosmedina.es\/wp-content\/uploads\/2024\/08\/DSF0234-Editar-940x705.jpg 940w, https:\/\/www.marcosmedina.es\/wp-content\/uploads\/2024\/08\/DSF0234-Editar-431x323.jpg 431w\" sizes=\"(max-width: 799px) 94vw, (max-width: 1023px) 67vw, (max-width: 1365px) 62vw, 1037\" \/><\/figure><\/div>\n\n\n<div style=\"height:100px\" aria-hidden=\"true\" class=\"wp-block-spacer\"><\/div>\n\n\n<div class=\"wp-block-image\">\n<figure class=\"aligncenter size-large\"><img loading=\"lazy\" decoding=\"async\" width=\"1500\" height=\"1125\" src=\"https:\/\/www.marcosmedina.es\/wp-content\/uploads\/2024\/08\/DSF0247-Editar.jpg\" alt=\"\" class=\"wp-image-8358\" srcset=\"https:\/\/www.marcosmedina.es\/wp-content\/uploads\/2024\/08\/DSF0247-Editar.jpg 1500w, https:\/\/www.marcosmedina.es\/wp-content\/uploads\/2024\/08\/DSF0247-Editar-940x705.jpg 940w, https:\/\/www.marcosmedina.es\/wp-content\/uploads\/2024\/08\/DSF0247-Editar-431x323.jpg 431w\" sizes=\"(max-width: 799px) 94vw, (max-width: 1023px) 67vw, (max-width: 1365px) 62vw, 1037\" \/><\/figure><\/div>\n\n\n<div style=\"height:100px\" aria-hidden=\"true\" class=\"wp-block-spacer\"><\/div>\n\n\n<div class=\"wp-block-image\">\n<figure class=\"aligncenter size-large\"><img loading=\"lazy\" decoding=\"async\" width=\"1500\" height=\"1125\" src=\"https:\/\/www.marcosmedina.es\/wp-content\/uploads\/2024\/08\/DSF0265-Editar.jpg\" alt=\"\" class=\"wp-image-8362\" srcset=\"https:\/\/www.marcosmedina.es\/wp-content\/uploads\/2024\/08\/DSF0265-Editar.jpg 1500w, https:\/\/www.marcosmedina.es\/wp-content\/uploads\/2024\/08\/DSF0265-Editar-940x705.jpg 940w, https:\/\/www.marcosmedina.es\/wp-content\/uploads\/2024\/08\/DSF0265-Editar-431x323.jpg 431w\" sizes=\"(max-width: 799px) 94vw, (max-width: 1023px) 67vw, (max-width: 1365px) 62vw, 1037\" \/><\/figure><\/div>\n\n\n<div style=\"height:100px\" aria-hidden=\"true\" class=\"wp-block-spacer\"><\/div>\n\n\n<div class=\"wp-block-image\">\n<figure class=\"aligncenter size-large\"><img loading=\"lazy\" decoding=\"async\" width=\"1500\" height=\"1125\" src=\"https:\/\/www.marcosmedina.es\/wp-content\/uploads\/2024\/08\/DSF0261-Editar.jpg\" alt=\"\" class=\"wp-image-8361\" srcset=\"https:\/\/www.marcosmedina.es\/wp-content\/uploads\/2024\/08\/DSF0261-Editar.jpg 1500w, https:\/\/www.marcosmedina.es\/wp-content\/uploads\/2024\/08\/DSF0261-Editar-940x705.jpg 940w, https:\/\/www.marcosmedina.es\/wp-content\/uploads\/2024\/08\/DSF0261-Editar-431x323.jpg 431w\" sizes=\"(max-width: 799px) 94vw, (max-width: 1023px) 67vw, (max-width: 1365px) 62vw, 1037\" \/><\/figure><\/div>\n\n\n<div style=\"height:100px\" aria-hidden=\"true\" class=\"wp-block-spacer\"><\/div>\n\n\n<div class=\"wp-block-image\">\n<figure class=\"aligncenter size-large\"><img loading=\"lazy\" decoding=\"async\" width=\"1500\" height=\"1125\" src=\"https:\/\/www.marcosmedina.es\/wp-content\/uploads\/2024\/08\/MMG7656-Editar.jpg\" alt=\"\" class=\"wp-image-8403\" srcset=\"https:\/\/www.marcosmedina.es\/wp-content\/uploads\/2024\/08\/MMG7656-Editar.jpg 1500w, https:\/\/www.marcosmedina.es\/wp-content\/uploads\/2024\/08\/MMG7656-Editar-940x705.jpg 940w, https:\/\/www.marcosmedina.es\/wp-content\/uploads\/2024\/08\/MMG7656-Editar-431x323.jpg 431w\" sizes=\"(max-width: 799px) 94vw, (max-width: 1023px) 67vw, (max-width: 1365px) 62vw, 1037\" \/><\/figure><\/div>\n\n\n<div style=\"height:100px\" aria-hidden=\"true\" class=\"wp-block-spacer\"><\/div>\n\n\n<div class=\"wp-block-image\">\n<figure class=\"aligncenter size-large\"><img loading=\"lazy\" decoding=\"async\" width=\"1500\" height=\"1071\" src=\"https:\/\/www.marcosmedina.es\/wp-content\/uploads\/2024\/08\/DSF0309-Editar.jpg\" alt=\"\" class=\"wp-image-8367\" srcset=\"https:\/\/www.marcosmedina.es\/wp-content\/uploads\/2024\/08\/DSF0309-Editar.jpg 1500w, https:\/\/www.marcosmedina.es\/wp-content\/uploads\/2024\/08\/DSF0309-Editar-940x671.jpg 940w, https:\/\/www.marcosmedina.es\/wp-content\/uploads\/2024\/08\/DSF0309-Editar-431x308.jpg 431w\" sizes=\"(max-width: 799px) 94vw, (max-width: 1023px) 67vw, (max-width: 1365px) 62vw, 1037\" \/><\/figure><\/div>\n\n\n<div style=\"height:100px\" aria-hidden=\"true\" class=\"wp-block-spacer\"><\/div>\n\n\n<div class=\"wp-block-image\">\n<figure class=\"aligncenter size-large\"><img loading=\"lazy\" decoding=\"async\" width=\"1500\" height=\"1071\" src=\"https:\/\/www.marcosmedina.es\/wp-content\/uploads\/2024\/08\/DSF0312-Editar.jpg\" alt=\"\" class=\"wp-image-8368\" srcset=\"https:\/\/www.marcosmedina.es\/wp-content\/uploads\/2024\/08\/DSF0312-Editar.jpg 1500w, https:\/\/www.marcosmedina.es\/wp-content\/uploads\/2024\/08\/DSF0312-Editar-940x671.jpg 940w, https:\/\/www.marcosmedina.es\/wp-content\/uploads\/2024\/08\/DSF0312-Editar-431x308.jpg 431w\" sizes=\"(max-width: 799px) 94vw, (max-width: 1023px) 67vw, (max-width: 1365px) 62vw, 1037\" \/><\/figure><\/div>\n\n\n<div style=\"height:100px\" aria-hidden=\"true\" class=\"wp-block-spacer\"><\/div>\n\n\n<div class=\"wp-block-image\">\n<figure class=\"aligncenter size-large\"><img loading=\"lazy\" decoding=\"async\" width=\"1500\" height=\"1071\" src=\"https:\/\/www.marcosmedina.es\/wp-content\/uploads\/2024\/08\/DSF0305-Editar.jpg\" alt=\"\" class=\"wp-image-8366\" srcset=\"https:\/\/www.marcosmedina.es\/wp-content\/uploads\/2024\/08\/DSF0305-Editar.jpg 1500w, https:\/\/www.marcosmedina.es\/wp-content\/uploads\/2024\/08\/DSF0305-Editar-940x671.jpg 940w, https:\/\/www.marcosmedina.es\/wp-content\/uploads\/2024\/08\/DSF0305-Editar-431x308.jpg 431w\" sizes=\"(max-width: 799px) 94vw, (max-width: 1023px) 67vw, (max-width: 1365px) 62vw, 1037\" \/><\/figure><\/div>\n\n\n<div style=\"height:100px\" aria-hidden=\"true\" class=\"wp-block-spacer\"><\/div>\n\n\n<div class=\"wp-block-image\">\n<figure class=\"aligncenter size-large\"><img loading=\"lazy\" decoding=\"async\" width=\"1500\" height=\"1125\" src=\"https:\/\/www.marcosmedina.es\/wp-content\/uploads\/2024\/08\/MMG6995-Editar.jpg\" alt=\"\" class=\"wp-image-8395\" srcset=\"https:\/\/www.marcosmedina.es\/wp-content\/uploads\/2024\/08\/MMG6995-Editar.jpg 1500w, https:\/\/www.marcosmedina.es\/wp-content\/uploads\/2024\/08\/MMG6995-Editar-940x705.jpg 940w, https:\/\/www.marcosmedina.es\/wp-content\/uploads\/2024\/08\/MMG6995-Editar-431x323.jpg 431w\" sizes=\"(max-width: 799px) 94vw, (max-width: 1023px) 67vw, (max-width: 1365px) 62vw, 1037\" \/><\/figure><\/div>\n\n\n<div style=\"height:100px\" aria-hidden=\"true\" class=\"wp-block-spacer\"><\/div>\n\n\n<div class=\"wp-block-image\">\n<figure class=\"aligncenter size-large\"><img loading=\"lazy\" decoding=\"async\" width=\"1500\" height=\"1125\" src=\"https:\/\/www.marcosmedina.es\/wp-content\/uploads\/2024\/08\/MMG7017-Editar.jpg\" alt=\"\" class=\"wp-image-8397\" srcset=\"https:\/\/www.marcosmedina.es\/wp-content\/uploads\/2024\/08\/MMG7017-Editar.jpg 1500w, https:\/\/www.marcosmedina.es\/wp-content\/uploads\/2024\/08\/MMG7017-Editar-940x705.jpg 940w, https:\/\/www.marcosmedina.es\/wp-content\/uploads\/2024\/08\/MMG7017-Editar-431x323.jpg 431w\" sizes=\"(max-width: 799px) 94vw, (max-width: 1023px) 67vw, (max-width: 1365px) 62vw, 1037\" \/><\/figure><\/div>\n\n\n<div style=\"height:100px\" aria-hidden=\"true\" class=\"wp-block-spacer\"><\/div>\n\n\n<div class=\"wp-block-image\">\n<figure class=\"aligncenter size-large\"><img loading=\"lazy\" decoding=\"async\" width=\"1500\" height=\"1125\" src=\"https:\/\/www.marcosmedina.es\/wp-content\/uploads\/2024\/08\/MMG7143-Editar.jpg\" alt=\"\" class=\"wp-image-8400\" srcset=\"https:\/\/www.marcosmedina.es\/wp-content\/uploads\/2024\/08\/MMG7143-Editar.jpg 1500w, https:\/\/www.marcosmedina.es\/wp-content\/uploads\/2024\/08\/MMG7143-Editar-940x705.jpg 940w, https:\/\/www.marcosmedina.es\/wp-content\/uploads\/2024\/08\/MMG7143-Editar-431x323.jpg 431w\" sizes=\"(max-width: 799px) 94vw, (max-width: 1023px) 67vw, (max-width: 1365px) 62vw, 1037\" \/><\/figure><\/div>\n\n\n<div style=\"height:100px\" aria-hidden=\"true\" class=\"wp-block-spacer\"><\/div>\n\n\n<div class=\"wp-block-image\">\n<figure class=\"aligncenter size-large\"><img loading=\"lazy\" decoding=\"async\" width=\"1500\" height=\"1071\" src=\"https:\/\/www.marcosmedina.es\/wp-content\/uploads\/2024\/08\/DSF0285-Editar.jpg\" alt=\"\" class=\"wp-image-8365\" srcset=\"https:\/\/www.marcosmedina.es\/wp-content\/uploads\/2024\/08\/DSF0285-Editar.jpg 1500w, https:\/\/www.marcosmedina.es\/wp-content\/uploads\/2024\/08\/DSF0285-Editar-940x671.jpg 940w, https:\/\/www.marcosmedina.es\/wp-content\/uploads\/2024\/08\/DSF0285-Editar-431x308.jpg 431w\" sizes=\"(max-width: 799px) 94vw, (max-width: 1023px) 67vw, (max-width: 1365px) 62vw, 1037\" \/><\/figure><\/div>\n\n\n<div style=\"height:100px\" aria-hidden=\"true\" class=\"wp-block-spacer\"><\/div>\n\n\n<div class=\"wp-block-image\">\n<figure class=\"aligncenter size-large\"><img loading=\"lazy\" decoding=\"async\" width=\"1500\" height=\"1071\" src=\"https:\/\/www.marcosmedina.es\/wp-content\/uploads\/2024\/08\/MMG4680-Editar.jpg\" alt=\"\" class=\"wp-image-8381\" srcset=\"https:\/\/www.marcosmedina.es\/wp-content\/uploads\/2024\/08\/MMG4680-Editar.jpg 1500w, https:\/\/www.marcosmedina.es\/wp-content\/uploads\/2024\/08\/MMG4680-Editar-940x671.jpg 940w, https:\/\/www.marcosmedina.es\/wp-content\/uploads\/2024\/08\/MMG4680-Editar-431x308.jpg 431w\" sizes=\"(max-width: 799px) 94vw, (max-width: 1023px) 67vw, (max-width: 1365px) 62vw, 1037\" \/><\/figure><\/div>\n\n\n<div style=\"height:100px\" aria-hidden=\"true\" class=\"wp-block-spacer\"><\/div>\n\n\n<div class=\"wp-block-image\">\n<figure class=\"aligncenter size-large\"><img loading=\"lazy\" decoding=\"async\" width=\"1500\" height=\"1125\" src=\"https:\/\/www.marcosmedina.es\/wp-content\/uploads\/2024\/08\/MMG5081-Editar.jpg\" alt=\"\" class=\"wp-image-8383\" srcset=\"https:\/\/www.marcosmedina.es\/wp-content\/uploads\/2024\/08\/MMG5081-Editar.jpg 1500w, https:\/\/www.marcosmedina.es\/wp-content\/uploads\/2024\/08\/MMG5081-Editar-940x705.jpg 940w, https:\/\/www.marcosmedina.es\/wp-content\/uploads\/2024\/08\/MMG5081-Editar-431x323.jpg 431w\" sizes=\"(max-width: 799px) 94vw, (max-width: 1023px) 67vw, (max-width: 1365px) 62vw, 1037\" \/><\/figure><\/div>\n\n\n<div style=\"height:100px\" aria-hidden=\"true\" class=\"wp-block-spacer\"><\/div>\n\n\n<div class=\"wp-block-image\">\n<figure class=\"aligncenter size-large\"><img loading=\"lazy\" decoding=\"async\" width=\"1500\" height=\"1125\" src=\"https:\/\/www.marcosmedina.es\/wp-content\/uploads\/2024\/08\/MMG3864-Editar.jpg\" alt=\"\" class=\"wp-image-8372\" srcset=\"https:\/\/www.marcosmedina.es\/wp-content\/uploads\/2024\/08\/MMG3864-Editar.jpg 1500w, https:\/\/www.marcosmedina.es\/wp-content\/uploads\/2024\/08\/MMG3864-Editar-940x705.jpg 940w, https:\/\/www.marcosmedina.es\/wp-content\/uploads\/2024\/08\/MMG3864-Editar-431x323.jpg 431w\" sizes=\"(max-width: 799px) 94vw, (max-width: 1023px) 67vw, (max-width: 1365px) 62vw, 1037\" \/><\/figure><\/div>\n\n\n<div style=\"height:100px\" aria-hidden=\"true\" class=\"wp-block-spacer\"><\/div>\n\n\n<div class=\"wp-block-image\">\n<figure class=\"aligncenter size-large\"><img loading=\"lazy\" decoding=\"async\" width=\"1500\" height=\"1125\" src=\"https:\/\/www.marcosmedina.es\/wp-content\/uploads\/2024\/08\/MMG3869-Editar.jpg\" alt=\"\" class=\"wp-image-8373\" srcset=\"https:\/\/www.marcosmedina.es\/wp-content\/uploads\/2024\/08\/MMG3869-Editar.jpg 1500w, https:\/\/www.marcosmedina.es\/wp-content\/uploads\/2024\/08\/MMG3869-Editar-940x705.jpg 940w, https:\/\/www.marcosmedina.es\/wp-content\/uploads\/2024\/08\/MMG3869-Editar-431x323.jpg 431w\" sizes=\"(max-width: 799px) 94vw, (max-width: 1023px) 67vw, (max-width: 1365px) 62vw, 1037\" \/><\/figure><\/div>\n\n\n<div style=\"height:100px\" aria-hidden=\"true\" class=\"wp-block-spacer\"><\/div>\n\n\n<div class=\"wp-block-image\">\n<figure class=\"aligncenter size-large\"><img loading=\"lazy\" decoding=\"async\" width=\"1500\" height=\"1125\" src=\"https:\/\/www.marcosmedina.es\/wp-content\/uploads\/2024\/08\/MMG3879-Editar.jpg\" alt=\"\" class=\"wp-image-8374\" srcset=\"https:\/\/www.marcosmedina.es\/wp-content\/uploads\/2024\/08\/MMG3879-Editar.jpg 1500w, https:\/\/www.marcosmedina.es\/wp-content\/uploads\/2024\/08\/MMG3879-Editar-940x705.jpg 940w, https:\/\/www.marcosmedina.es\/wp-content\/uploads\/2024\/08\/MMG3879-Editar-431x323.jpg 431w\" sizes=\"(max-width: 799px) 94vw, (max-width: 1023px) 67vw, (max-width: 1365px) 62vw, 1037\" \/><\/figure><\/div>\n\n\n<div style=\"height:100px\" aria-hidden=\"true\" class=\"wp-block-spacer\"><\/div>\n\n\n<div class=\"wp-block-image\">\n<figure class=\"aligncenter size-large\"><img loading=\"lazy\" decoding=\"async\" width=\"1500\" height=\"1125\" src=\"https:\/\/www.marcosmedina.es\/wp-content\/uploads\/2024\/08\/MMG3948-Editar.jpg\" alt=\"\" class=\"wp-image-8376\" srcset=\"https:\/\/www.marcosmedina.es\/wp-content\/uploads\/2024\/08\/MMG3948-Editar.jpg 1500w, https:\/\/www.marcosmedina.es\/wp-content\/uploads\/2024\/08\/MMG3948-Editar-940x705.jpg 940w, https:\/\/www.marcosmedina.es\/wp-content\/uploads\/2024\/08\/MMG3948-Editar-431x323.jpg 431w\" sizes=\"(max-width: 799px) 94vw, (max-width: 1023px) 67vw, (max-width: 1365px) 62vw, 1037\" \/><\/figure><\/div>\n\n\n<div style=\"height:100px\" aria-hidden=\"true\" class=\"wp-block-spacer\"><\/div>\n\n\n<div class=\"wp-block-image\">\n<figure class=\"aligncenter size-large\"><img loading=\"lazy\" decoding=\"async\" width=\"1500\" height=\"1127\" src=\"https:\/\/www.marcosmedina.es\/wp-content\/uploads\/2024\/08\/MMG3952-Editar.jpg\" alt=\"\" class=\"wp-image-8377\" srcset=\"https:\/\/www.marcosmedina.es\/wp-content\/uploads\/2024\/08\/MMG3952-Editar.jpg 1500w, https:\/\/www.marcosmedina.es\/wp-content\/uploads\/2024\/08\/MMG3952-Editar-940x706.jpg 940w, https:\/\/www.marcosmedina.es\/wp-content\/uploads\/2024\/08\/MMG3952-Editar-431x324.jpg 431w\" sizes=\"(max-width: 799px) 94vw, (max-width: 1023px) 67vw, (max-width: 1365px) 62vw, 1037\" \/><\/figure><\/div>\n\n\n<div style=\"height:100px\" aria-hidden=\"true\" class=\"wp-block-spacer\"><\/div>\n\n\n<div class=\"wp-block-image\">\n<figure class=\"aligncenter size-large\"><img loading=\"lazy\" decoding=\"async\" width=\"1500\" height=\"1111\" src=\"https:\/\/www.marcosmedina.es\/wp-content\/uploads\/2024\/08\/MMG3993-Editar.jpg\" alt=\"\" class=\"wp-image-8380\" srcset=\"https:\/\/www.marcosmedina.es\/wp-content\/uploads\/2024\/08\/MMG3993-Editar.jpg 1500w, https:\/\/www.marcosmedina.es\/wp-content\/uploads\/2024\/08\/MMG3993-Editar-940x696.jpg 940w, https:\/\/www.marcosmedina.es\/wp-content\/uploads\/2024\/08\/MMG3993-Editar-431x319.jpg 431w\" sizes=\"(max-width: 799px) 94vw, (max-width: 1023px) 67vw, (max-width: 1365px) 62vw, 1037\" \/><\/figure><\/div>\n\n\n<div style=\"height:100px\" aria-hidden=\"true\" class=\"wp-block-spacer\"><\/div>\n\n\n<div class=\"wp-block-image\">\n<figure class=\"aligncenter size-large\"><img loading=\"lazy\" decoding=\"async\" width=\"1500\" height=\"1125\" src=\"https:\/\/www.marcosmedina.es\/wp-content\/uploads\/2024\/08\/MMG3926-Editar.jpg\" alt=\"\" class=\"wp-image-8375\" srcset=\"https:\/\/www.marcosmedina.es\/wp-content\/uploads\/2024\/08\/MMG3926-Editar.jpg 1500w, https:\/\/www.marcosmedina.es\/wp-content\/uploads\/2024\/08\/MMG3926-Editar-940x705.jpg 940w, https:\/\/www.marcosmedina.es\/wp-content\/uploads\/2024\/08\/MMG3926-Editar-431x323.jpg 431w\" sizes=\"(max-width: 799px) 94vw, (max-width: 1023px) 67vw, (max-width: 1365px) 62vw, 1037\" \/><\/figure><\/div>\n\n\n<div style=\"height:100px\" aria-hidden=\"true\" class=\"wp-block-spacer\"><\/div>\n\n\n<div class=\"wp-block-image\">\n<figure class=\"aligncenter size-large\"><img loading=\"lazy\" decoding=\"async\" width=\"1500\" height=\"1125\" src=\"https:\/\/www.marcosmedina.es\/wp-content\/uploads\/2024\/08\/MMG3977-Editar.jpg\" alt=\"\" class=\"wp-image-8378\" srcset=\"https:\/\/www.marcosmedina.es\/wp-content\/uploads\/2024\/08\/MMG3977-Editar.jpg 1500w, https:\/\/www.marcosmedina.es\/wp-content\/uploads\/2024\/08\/MMG3977-Editar-940x705.jpg 940w, https:\/\/www.marcosmedina.es\/wp-content\/uploads\/2024\/08\/MMG3977-Editar-431x323.jpg 431w\" sizes=\"(max-width: 799px) 94vw, (max-width: 1023px) 67vw, (max-width: 1365px) 62vw, 1037\" \/><\/figure><\/div>\n\n\n<div style=\"height:100px\" aria-hidden=\"true\" class=\"wp-block-spacer\"><\/div>\n\n\n<div class=\"wp-block-image\">\n<figure class=\"aligncenter size-large\"><img loading=\"lazy\" decoding=\"async\" width=\"1500\" height=\"1125\" src=\"https:\/\/www.marcosmedina.es\/wp-content\/uploads\/2024\/08\/MMG5645-Editar.jpg\" alt=\"\" class=\"wp-image-8385\" srcset=\"https:\/\/www.marcosmedina.es\/wp-content\/uploads\/2024\/08\/MMG5645-Editar.jpg 1500w, https:\/\/www.marcosmedina.es\/wp-content\/uploads\/2024\/08\/MMG5645-Editar-940x705.jpg 940w, https:\/\/www.marcosmedina.es\/wp-content\/uploads\/2024\/08\/MMG5645-Editar-431x323.jpg 431w\" sizes=\"(max-width: 799px) 94vw, (max-width: 1023px) 67vw, (max-width: 1365px) 62vw, 1037\" \/><\/figure><\/div>\n\n\n<div style=\"height:100px\" aria-hidden=\"true\" class=\"wp-block-spacer\"><\/div>\n\n\n<div class=\"wp-block-image\">\n<figure class=\"aligncenter size-large\"><img loading=\"lazy\" decoding=\"async\" width=\"1500\" height=\"1125\" src=\"https:\/\/www.marcosmedina.es\/wp-content\/uploads\/2024\/08\/MMG6251-Editar.jpg\" alt=\"\" class=\"wp-image-8386\" srcset=\"https:\/\/www.marcosmedina.es\/wp-content\/uploads\/2024\/08\/MMG6251-Editar.jpg 1500w, https:\/\/www.marcosmedina.es\/wp-content\/uploads\/2024\/08\/MMG6251-Editar-940x705.jpg 940w, https:\/\/www.marcosmedina.es\/wp-content\/uploads\/2024\/08\/MMG6251-Editar-431x323.jpg 431w\" sizes=\"(max-width: 799px) 94vw, (max-width: 1023px) 67vw, (max-width: 1365px) 62vw, 1037\" \/><\/figure><\/div>\n\n\n<div style=\"height:100px\" aria-hidden=\"true\" class=\"wp-block-spacer\"><\/div>\n\n\n<div class=\"wp-block-image\">\n<figure class=\"aligncenter size-large\"><img loading=\"lazy\" decoding=\"async\" width=\"1500\" height=\"1125\" src=\"https:\/\/www.marcosmedina.es\/wp-content\/uploads\/2024\/08\/MMG7635-Editar.jpg\" alt=\"\" class=\"wp-image-8401\" srcset=\"https:\/\/www.marcosmedina.es\/wp-content\/uploads\/2024\/08\/MMG7635-Editar.jpg 1500w, https:\/\/www.marcosmedina.es\/wp-content\/uploads\/2024\/08\/MMG7635-Editar-940x705.jpg 940w, https:\/\/www.marcosmedina.es\/wp-content\/uploads\/2024\/08\/MMG7635-Editar-431x323.jpg 431w\" sizes=\"(max-width: 799px) 94vw, (max-width: 1023px) 67vw, (max-width: 1365px) 62vw, 1037\" \/><\/figure><\/div>\n\n\n<div style=\"height:100px\" aria-hidden=\"true\" class=\"wp-block-spacer\"><\/div>\n\n\n<div class=\"wp-block-image\">\n<figure class=\"aligncenter size-large\"><img loading=\"lazy\" decoding=\"async\" width=\"1500\" height=\"1125\" src=\"https:\/\/www.marcosmedina.es\/wp-content\/uploads\/2024\/08\/MMG6283-Editar.jpg\" alt=\"\" class=\"wp-image-8387\" srcset=\"https:\/\/www.marcosmedina.es\/wp-content\/uploads\/2024\/08\/MMG6283-Editar.jpg 1500w, https:\/\/www.marcosmedina.es\/wp-content\/uploads\/2024\/08\/MMG6283-Editar-940x705.jpg 940w, https:\/\/www.marcosmedina.es\/wp-content\/uploads\/2024\/08\/MMG6283-Editar-431x323.jpg 431w\" sizes=\"(max-width: 799px) 94vw, (max-width: 1023px) 67vw, (max-width: 1365px) 62vw, 1037\" \/><\/figure><\/div>\n\n\n<div style=\"height:100px\" aria-hidden=\"true\" class=\"wp-block-spacer\"><\/div>\n\n\n<div class=\"wp-block-image\">\n<figure class=\"aligncenter size-large\"><img loading=\"lazy\" decoding=\"async\" width=\"1500\" height=\"1125\" src=\"https:\/\/www.marcosmedina.es\/wp-content\/uploads\/2024\/08\/MMG6299-Editar.jpg\" alt=\"\" class=\"wp-image-8389\" srcset=\"https:\/\/www.marcosmedina.es\/wp-content\/uploads\/2024\/08\/MMG6299-Editar.jpg 1500w, https:\/\/www.marcosmedina.es\/wp-content\/uploads\/2024\/08\/MMG6299-Editar-940x705.jpg 940w, https:\/\/www.marcosmedina.es\/wp-content\/uploads\/2024\/08\/MMG6299-Editar-431x323.jpg 431w\" sizes=\"(max-width: 799px) 94vw, (max-width: 1023px) 67vw, (max-width: 1365px) 62vw, 1037\" \/><\/figure><\/div>\n\n\n<div style=\"height:100px\" aria-hidden=\"true\" class=\"wp-block-spacer\"><\/div>\n\n\n<div class=\"wp-block-image\">\n<figure class=\"aligncenter size-large\"><img loading=\"lazy\" decoding=\"async\" width=\"1500\" height=\"1125\" src=\"https:\/\/www.marcosmedina.es\/wp-content\/uploads\/2024\/08\/MMG6929-Editar.jpg\" alt=\"\" class=\"wp-image-8391\" srcset=\"https:\/\/www.marcosmedina.es\/wp-content\/uploads\/2024\/08\/MMG6929-Editar.jpg 1500w, https:\/\/www.marcosmedina.es\/wp-content\/uploads\/2024\/08\/MMG6929-Editar-940x705.jpg 940w, https:\/\/www.marcosmedina.es\/wp-content\/uploads\/2024\/08\/MMG6929-Editar-431x323.jpg 431w\" sizes=\"(max-width: 799px) 94vw, (max-width: 1023px) 67vw, (max-width: 1365px) 62vw, 1037\" \/><\/figure><\/div>\n\n\n<div style=\"height:100px\" aria-hidden=\"true\" class=\"wp-block-spacer\"><\/div>\n\n\n<div class=\"wp-block-image\">\n<figure class=\"aligncenter size-large\"><img loading=\"lazy\" decoding=\"async\" width=\"1500\" height=\"1112\" src=\"https:\/\/www.marcosmedina.es\/wp-content\/uploads\/2024\/08\/MMG6960-Editar.jpg\" alt=\"\" class=\"wp-image-8392\" srcset=\"https:\/\/www.marcosmedina.es\/wp-content\/uploads\/2024\/08\/MMG6960-Editar.jpg 1500w, https:\/\/www.marcosmedina.es\/wp-content\/uploads\/2024\/08\/MMG6960-Editar-940x697.jpg 940w, https:\/\/www.marcosmedina.es\/wp-content\/uploads\/2024\/08\/MMG6960-Editar-431x320.jpg 431w\" sizes=\"(max-width: 799px) 94vw, (max-width: 1023px) 67vw, (max-width: 1365px) 62vw, 1037\" \/><\/figure><\/div>\n\n\n<div style=\"height:100px\" aria-hidden=\"true\" class=\"wp-block-spacer\"><\/div>\n\n\n<div class=\"wp-block-image\">\n<figure class=\"aligncenter size-large\"><img loading=\"lazy\" decoding=\"async\" width=\"1500\" height=\"1125\" src=\"https:\/\/www.marcosmedina.es\/wp-content\/uploads\/2024\/08\/MMG6968-Editar.jpg\" alt=\"\" class=\"wp-image-8393\" srcset=\"https:\/\/www.marcosmedina.es\/wp-content\/uploads\/2024\/08\/MMG6968-Editar.jpg 1500w, https:\/\/www.marcosmedina.es\/wp-content\/uploads\/2024\/08\/MMG6968-Editar-940x705.jpg 940w, https:\/\/www.marcosmedina.es\/wp-content\/uploads\/2024\/08\/MMG6968-Editar-431x323.jpg 431w\" sizes=\"(max-width: 799px) 94vw, (max-width: 1023px) 67vw, (max-width: 1365px) 62vw, 1037\" \/><\/figure><\/div>\n\n\n<div style=\"height:100px\" aria-hidden=\"true\" class=\"wp-block-spacer\"><\/div>\n\n\n<div class=\"wp-block-image\">\n<figure class=\"aligncenter size-large\"><img loading=\"lazy\" decoding=\"async\" width=\"1500\" height=\"1125\" src=\"https:\/\/www.marcosmedina.es\/wp-content\/uploads\/2024\/08\/MMG6988-Editar.jpg\" alt=\"\" class=\"wp-image-8394\" srcset=\"https:\/\/www.marcosmedina.es\/wp-content\/uploads\/2024\/08\/MMG6988-Editar.jpg 1500w, https:\/\/www.marcosmedina.es\/wp-content\/uploads\/2024\/08\/MMG6988-Editar-940x705.jpg 940w, https:\/\/www.marcosmedina.es\/wp-content\/uploads\/2024\/08\/MMG6988-Editar-431x323.jpg 431w\" sizes=\"(max-width: 799px) 94vw, (max-width: 1023px) 67vw, (max-width: 1365px) 62vw, 1037\" \/><\/figure><\/div>","protected":false},"excerpt":{"rendered":"<p>Es un concepto minimalista de recuerdos que viaja en mi memoria cuando pienso en lugares, formas y objetos que han &hellip; <a href=\"https:\/\/www.marcosmedina.es\/?page_id=4486\" class=\"more-link\"><span class=\"more-button\">Continue reading &gt;<span class=\"screen-reader-text\">COCKTAIL<\/span><\/span><\/a><\/p>\n","protected":false},"author":1,"featured_media":0,"parent":0,"menu_order":0,"comment_status":"closed","ping_status":"closed","template":"","meta":{"footnotes":""},"class_list":["post-4486","page","type-page","status-publish","hentry"],"acf":[],"_links":{"self":[{"href":"https:\/\/www.marcosmedina.es\/index.php?rest_route=\/wp\/v2\/pages\/4486"}],"collection":[{"href":"https:\/\/www.marcosmedina.es\/index.php?rest_route=\/wp\/v2\/pages"}],"about":[{"href":"https:\/\/www.marcosmedina.es\/index.php?rest_route=\/wp\/v2\/types\/page"}],"author":[{"embeddable":true,"href":"https:\/\/www.marcosmedina.es\/index.php?rest_route=\/wp\/v2\/users\/1"}],"replies":[{"embeddable":true,"href":"https:\/\/www.marcosmedina.es\/index.php?rest_route=%2Fwp%2Fv2%2Fcomments&post=4486"}],"version-history":[{"count":38,"href":"https:\/\/www.marcosmedina.es\/index.php?rest_route=\/wp\/v2\/pages\/4486\/revisions"}],"predecessor-version":[{"id":8947,"href":"https:\/\/www.marcosmedina.es\/index.php?rest_route=\/wp\/v2\/pages\/4486\/revisions\/8947"}],"wp:attachment":[{"href":"https:\/\/www.marcosmedina.es\/index.php?rest_route=%2Fwp%2Fv2%2Fmedia&parent=4486"}],"curies":[{"name":"wp","href":"https:\/\/api.w.org\/{rel}","templated":true}]}}