{"id":5995,"date":"2020-05-28T09:13:27","date_gmt":"2020-05-28T09:13:27","guid":{"rendered":"http:\/\/marcosmedina.es\/?page_id=5995"},"modified":"2025-01-24T20:30:42","modified_gmt":"2025-01-24T20:30:42","slug":"jekyll-hyde-2","status":"publish","type":"page","link":"https:\/\/www.marcosmedina.es\/?page_id=5995","title":{"rendered":"JEKYLL &#038; HYDE"},"content":{"rendered":"\n<pre class=\"wp-block-preformatted has-normal-font-size\">La serie \"Jekyll &amp; Hyde\" nace inspirada en los personajes antag\u00f3nicos \"Jekyll\" y \"Hyde\" y basada en el concepto universal del bien y el mal, en el \"si\" y en el \"no\" socialmente aceptado, en el color<br>negro como s\u00edmbolo de lo oculto y lo infeliz y el blanco como simbolo de libertad y felicidad. Esta serie representa estos conceptos en la vida y mentalidad de los retratados mezclados entre<br>si. De esta forma, el personaje en el habit\u00e1culo negro explica el estado de insatisfacci\u00f3n mental<br>frente a su vida social real. Aqu\u00ed se convierte en el personaje \"Jekyll\" frente a los dem\u00e1s. Mientras que en el habit\u00e1culo blanco se conforma la felicidad emocional y sensaciones de libertad mediante una vida paralela de actividades deseadas y m\u00e1s desconocidas. Se convierte en \"Hyde\"para el resto.<\/pre>\n\n\n\n<div style=\"height:100px\" aria-hidden=\"true\" class=\"wp-block-spacer\"><\/div>\n\n\n\n<p class=\"has-text-align-center\"><strong>\u00abKEKYLL &amp; HYDE\u00bb<\/strong><br>(2017-2018)<\/p>\n\n\n\n<div style=\"height:100px\" aria-hidden=\"true\" class=\"wp-block-spacer\"><\/div>\n\n\n<div class=\"wp-block-image\">\n<figure class=\"aligncenter size-large\"><a href=\"https:\/\/www.marcosmedina.es\/wp-content\/uploads\/2024\/08\/MAQUETADO-7-Boceto.jpg\"><img loading=\"lazy\" decoding=\"async\" width=\"1500\" height=\"1154\" src=\"https:\/\/www.marcosmedina.es\/wp-content\/uploads\/2024\/08\/MAQUETADO-7-Boceto.jpg\" alt=\"\" class=\"wp-image-8328\" srcset=\"https:\/\/www.marcosmedina.es\/wp-content\/uploads\/2024\/08\/MAQUETADO-7-Boceto.jpg 1500w, https:\/\/www.marcosmedina.es\/wp-content\/uploads\/2024\/08\/MAQUETADO-7-Boceto-940x723.jpg 940w, https:\/\/www.marcosmedina.es\/wp-content\/uploads\/2024\/08\/MAQUETADO-7-Boceto-431x332.jpg 431w\" sizes=\"(max-width: 799px) 94vw, (max-width: 1023px) 67vw, (max-width: 1365px) 62vw, 1037\" \/><\/a><\/figure><\/div>\n\n\n<div style=\"height:100px\" aria-hidden=\"true\" class=\"wp-block-spacer\"><\/div>\n\n\n<div class=\"wp-block-image\">\n<figure class=\"aligncenter size-large\"><a href=\"https:\/\/www.marcosmedina.es\/wp-content\/uploads\/2024\/08\/MAQUETADO-3-Boceto-1.jpg\"><img loading=\"lazy\" decoding=\"async\" width=\"1500\" height=\"1154\" src=\"https:\/\/www.marcosmedina.es\/wp-content\/uploads\/2024\/08\/MAQUETADO-3-Boceto-1.jpg\" alt=\"\" class=\"wp-image-8325\" srcset=\"https:\/\/www.marcosmedina.es\/wp-content\/uploads\/2024\/08\/MAQUETADO-3-Boceto-1.jpg 1500w, https:\/\/www.marcosmedina.es\/wp-content\/uploads\/2024\/08\/MAQUETADO-3-Boceto-1-940x723.jpg 940w, https:\/\/www.marcosmedina.es\/wp-content\/uploads\/2024\/08\/MAQUETADO-3-Boceto-1-431x332.jpg 431w\" sizes=\"(max-width: 799px) 94vw, (max-width: 1023px) 67vw, (max-width: 1365px) 62vw, 1037\" \/><\/a><\/figure><\/div>\n\n\n<div style=\"height:100px\" aria-hidden=\"true\" class=\"wp-block-spacer\"><\/div>\n\n\n<div class=\"wp-block-image\">\n<figure class=\"aligncenter size-large\"><a href=\"https:\/\/www.marcosmedina.es\/wp-content\/uploads\/2024\/08\/MAQUETADO-Boceto-1.jpg\"><img loading=\"lazy\" decoding=\"async\" width=\"1500\" height=\"1154\" src=\"https:\/\/www.marcosmedina.es\/wp-content\/uploads\/2024\/08\/MAQUETADO-Boceto-1.jpg\" alt=\"\" class=\"wp-image-8341\" srcset=\"https:\/\/www.marcosmedina.es\/wp-content\/uploads\/2024\/08\/MAQUETADO-Boceto-1.jpg 1500w, https:\/\/www.marcosmedina.es\/wp-content\/uploads\/2024\/08\/MAQUETADO-Boceto-1-940x723.jpg 940w, https:\/\/www.marcosmedina.es\/wp-content\/uploads\/2024\/08\/MAQUETADO-Boceto-1-431x332.jpg 431w\" sizes=\"(max-width: 799px) 94vw, (max-width: 1023px) 67vw, (max-width: 1365px) 62vw, 1037\" \/><\/a><\/figure><\/div>\n\n\n<div style=\"height:100px\" aria-hidden=\"true\" class=\"wp-block-spacer\"><\/div>\n\n\n<div class=\"wp-block-image\">\n<figure class=\"aligncenter size-large\"><a href=\"https:\/\/www.marcosmedina.es\/wp-content\/uploads\/2024\/08\/MAQUETADO-8-Boceto.jpg\"><img loading=\"lazy\" decoding=\"async\" width=\"1500\" height=\"1154\" src=\"https:\/\/www.marcosmedina.es\/wp-content\/uploads\/2024\/08\/MAQUETADO-8-Boceto.jpg\" alt=\"\" class=\"wp-image-8329\" srcset=\"https:\/\/www.marcosmedina.es\/wp-content\/uploads\/2024\/08\/MAQUETADO-8-Boceto.jpg 1500w, https:\/\/www.marcosmedina.es\/wp-content\/uploads\/2024\/08\/MAQUETADO-8-Boceto-940x723.jpg 940w, https:\/\/www.marcosmedina.es\/wp-content\/uploads\/2024\/08\/MAQUETADO-8-Boceto-431x332.jpg 431w\" sizes=\"(max-width: 799px) 94vw, (max-width: 1023px) 67vw, (max-width: 1365px) 62vw, 1037\" \/><\/a><\/figure><\/div>\n\n\n<div style=\"height:100px\" aria-hidden=\"true\" class=\"wp-block-spacer\"><\/div>\n\n\n<div class=\"wp-block-image\">\n<figure class=\"aligncenter size-large\"><a href=\"https:\/\/www.marcosmedina.es\/wp-content\/uploads\/2024\/08\/MAQUETADO-9-Boceto.jpg\"><img loading=\"lazy\" decoding=\"async\" width=\"1500\" height=\"1154\" src=\"https:\/\/www.marcosmedina.es\/wp-content\/uploads\/2024\/08\/MAQUETADO-9-Boceto.jpg\" alt=\"\" class=\"wp-image-8330\" srcset=\"https:\/\/www.marcosmedina.es\/wp-content\/uploads\/2024\/08\/MAQUETADO-9-Boceto.jpg 1500w, https:\/\/www.marcosmedina.es\/wp-content\/uploads\/2024\/08\/MAQUETADO-9-Boceto-940x723.jpg 940w, https:\/\/www.marcosmedina.es\/wp-content\/uploads\/2024\/08\/MAQUETADO-9-Boceto-431x332.jpg 431w\" sizes=\"(max-width: 799px) 94vw, (max-width: 1023px) 67vw, (max-width: 1365px) 62vw, 1037\" \/><\/a><\/figure><\/div>\n\n\n<div style=\"height:100px\" aria-hidden=\"true\" class=\"wp-block-spacer\"><\/div>\n\n\n<div class=\"wp-block-image\">\n<figure class=\"aligncenter size-large\"><a href=\"https:\/\/www.marcosmedina.es\/wp-content\/uploads\/2024\/08\/MAQUETADO-11-Boceto.jpg\"><img loading=\"lazy\" decoding=\"async\" width=\"1500\" height=\"1154\" src=\"https:\/\/www.marcosmedina.es\/wp-content\/uploads\/2024\/08\/MAQUETADO-11-Boceto.jpg\" alt=\"\" class=\"wp-image-8332\" srcset=\"https:\/\/www.marcosmedina.es\/wp-content\/uploads\/2024\/08\/MAQUETADO-11-Boceto.jpg 1500w, https:\/\/www.marcosmedina.es\/wp-content\/uploads\/2024\/08\/MAQUETADO-11-Boceto-940x723.jpg 940w, https:\/\/www.marcosmedina.es\/wp-content\/uploads\/2024\/08\/MAQUETADO-11-Boceto-431x332.jpg 431w\" sizes=\"(max-width: 799px) 94vw, (max-width: 1023px) 67vw, (max-width: 1365px) 62vw, 1037\" \/><\/a><\/figure><\/div>\n\n\n<div style=\"height:100px\" aria-hidden=\"true\" class=\"wp-block-spacer\"><\/div>\n\n\n<div class=\"wp-block-image\">\n<figure class=\"aligncenter size-large\"><a href=\"https:\/\/www.marcosmedina.es\/wp-content\/uploads\/2024\/08\/MAQUETADO-10-Boceto.jpg\"><img loading=\"lazy\" decoding=\"async\" width=\"1500\" height=\"1154\" src=\"https:\/\/www.marcosmedina.es\/wp-content\/uploads\/2024\/08\/MAQUETADO-10-Boceto.jpg\" alt=\"\" class=\"wp-image-8331\" srcset=\"https:\/\/www.marcosmedina.es\/wp-content\/uploads\/2024\/08\/MAQUETADO-10-Boceto.jpg 1500w, https:\/\/www.marcosmedina.es\/wp-content\/uploads\/2024\/08\/MAQUETADO-10-Boceto-940x723.jpg 940w, https:\/\/www.marcosmedina.es\/wp-content\/uploads\/2024\/08\/MAQUETADO-10-Boceto-431x332.jpg 431w\" sizes=\"(max-width: 799px) 94vw, (max-width: 1023px) 67vw, (max-width: 1365px) 62vw, 1037\" \/><\/a><\/figure><\/div>\n\n\n<div style=\"height:100px\" aria-hidden=\"true\" class=\"wp-block-spacer\"><\/div>\n\n\n<div class=\"wp-block-image\">\n<figure class=\"aligncenter size-large\"><a href=\"https:\/\/www.marcosmedina.es\/wp-content\/uploads\/2024\/08\/MAQUETADO-Boceto-18-1.jpg\"><img loading=\"lazy\" decoding=\"async\" width=\"1500\" height=\"1154\" src=\"https:\/\/www.marcosmedina.es\/wp-content\/uploads\/2024\/08\/MAQUETADO-Boceto-18-1.jpg\" alt=\"\" class=\"wp-image-8337\" srcset=\"https:\/\/www.marcosmedina.es\/wp-content\/uploads\/2024\/08\/MAQUETADO-Boceto-18-1.jpg 1500w, https:\/\/www.marcosmedina.es\/wp-content\/uploads\/2024\/08\/MAQUETADO-Boceto-18-1-940x723.jpg 940w, https:\/\/www.marcosmedina.es\/wp-content\/uploads\/2024\/08\/MAQUETADO-Boceto-18-1-431x332.jpg 431w\" sizes=\"(max-width: 799px) 94vw, (max-width: 1023px) 67vw, (max-width: 1365px) 62vw, 1037\" \/><\/a><\/figure><\/div>\n\n\n<div style=\"height:100px\" aria-hidden=\"true\" class=\"wp-block-spacer\"><\/div>\n\n\n<div class=\"wp-block-image\">\n<figure class=\"aligncenter size-large\"><a href=\"https:\/\/www.marcosmedina.es\/wp-content\/uploads\/2024\/08\/MAQUETADO-12-Boceto-1.jpg\"><img loading=\"lazy\" decoding=\"async\" width=\"1500\" height=\"1154\" src=\"https:\/\/www.marcosmedina.es\/wp-content\/uploads\/2024\/08\/MAQUETADO-12-Boceto-1.jpg\" alt=\"\" class=\"wp-image-8324\" srcset=\"https:\/\/www.marcosmedina.es\/wp-content\/uploads\/2024\/08\/MAQUETADO-12-Boceto-1.jpg 1500w, https:\/\/www.marcosmedina.es\/wp-content\/uploads\/2024\/08\/MAQUETADO-12-Boceto-1-940x723.jpg 940w, https:\/\/www.marcosmedina.es\/wp-content\/uploads\/2024\/08\/MAQUETADO-12-Boceto-1-431x332.jpg 431w\" sizes=\"(max-width: 799px) 94vw, (max-width: 1023px) 67vw, (max-width: 1365px) 62vw, 1037\" \/><\/a><\/figure><\/div>\n\n\n<div style=\"height:100px\" aria-hidden=\"true\" class=\"wp-block-spacer\"><\/div>\n\n\n<div class=\"wp-block-image\">\n<figure class=\"aligncenter size-large\"><a href=\"https:\/\/www.marcosmedina.es\/wp-content\/uploads\/2024\/08\/MAQUETADO-6-Boceto.jpg\"><img loading=\"lazy\" decoding=\"async\" width=\"1500\" height=\"1154\" src=\"https:\/\/www.marcosmedina.es\/wp-content\/uploads\/2024\/08\/MAQUETADO-6-Boceto.jpg\" alt=\"\" class=\"wp-image-8327\" srcset=\"https:\/\/www.marcosmedina.es\/wp-content\/uploads\/2024\/08\/MAQUETADO-6-Boceto.jpg 1500w, https:\/\/www.marcosmedina.es\/wp-content\/uploads\/2024\/08\/MAQUETADO-6-Boceto-940x723.jpg 940w, https:\/\/www.marcosmedina.es\/wp-content\/uploads\/2024\/08\/MAQUETADO-6-Boceto-431x332.jpg 431w\" sizes=\"(max-width: 799px) 94vw, (max-width: 1023px) 67vw, (max-width: 1365px) 62vw, 1037\" \/><\/a><\/figure><\/div>\n\n\n<div style=\"height:100px\" aria-hidden=\"true\" class=\"wp-block-spacer\"><\/div>\n\n\n<div class=\"wp-block-image\">\n<figure class=\"aligncenter size-large\"><a href=\"https:\/\/www.marcosmedina.es\/wp-content\/uploads\/2024\/08\/MAQUETADO-13-Boceto.jpg\"><img loading=\"lazy\" decoding=\"async\" width=\"1500\" height=\"1154\" src=\"https:\/\/www.marcosmedina.es\/wp-content\/uploads\/2024\/08\/MAQUETADO-13-Boceto.jpg\" alt=\"\" class=\"wp-image-8333\" srcset=\"https:\/\/www.marcosmedina.es\/wp-content\/uploads\/2024\/08\/MAQUETADO-13-Boceto.jpg 1500w, https:\/\/www.marcosmedina.es\/wp-content\/uploads\/2024\/08\/MAQUETADO-13-Boceto-940x723.jpg 940w, https:\/\/www.marcosmedina.es\/wp-content\/uploads\/2024\/08\/MAQUETADO-13-Boceto-431x332.jpg 431w\" sizes=\"(max-width: 799px) 94vw, (max-width: 1023px) 67vw, (max-width: 1365px) 62vw, 1037\" \/><\/a><\/figure><\/div>\n\n\n<div style=\"height:100px\" aria-hidden=\"true\" class=\"wp-block-spacer\"><\/div>\n\n\n<div class=\"wp-block-image\">\n<figure class=\"aligncenter size-large\"><a href=\"https:\/\/www.marcosmedina.es\/wp-content\/uploads\/2024\/08\/MAQUETADO-16-Boceto.jpg\"><img loading=\"lazy\" decoding=\"async\" width=\"1500\" height=\"1154\" src=\"https:\/\/www.marcosmedina.es\/wp-content\/uploads\/2024\/08\/MAQUETADO-16-Boceto.jpg\" alt=\"\" class=\"wp-image-8335\" srcset=\"https:\/\/www.marcosmedina.es\/wp-content\/uploads\/2024\/08\/MAQUETADO-16-Boceto.jpg 1500w, https:\/\/www.marcosmedina.es\/wp-content\/uploads\/2024\/08\/MAQUETADO-16-Boceto-940x723.jpg 940w, https:\/\/www.marcosmedina.es\/wp-content\/uploads\/2024\/08\/MAQUETADO-16-Boceto-431x332.jpg 431w\" sizes=\"(max-width: 799px) 94vw, (max-width: 1023px) 67vw, (max-width: 1365px) 62vw, 1037\" \/><\/a><\/figure><\/div>\n\n\n<div style=\"height:100px\" aria-hidden=\"true\" class=\"wp-block-spacer\"><\/div>\n\n\n<div class=\"wp-block-image\">\n<figure class=\"aligncenter size-large\"><a href=\"https:\/\/www.marcosmedina.es\/wp-content\/uploads\/2024\/08\/MAQUETADO-Boceto-17-1.jpg\"><img loading=\"lazy\" decoding=\"async\" width=\"1500\" height=\"1154\" src=\"https:\/\/www.marcosmedina.es\/wp-content\/uploads\/2024\/08\/MAQUETADO-Boceto-17-1.jpg\" alt=\"\" class=\"wp-image-8336\" srcset=\"https:\/\/www.marcosmedina.es\/wp-content\/uploads\/2024\/08\/MAQUETADO-Boceto-17-1.jpg 1500w, https:\/\/www.marcosmedina.es\/wp-content\/uploads\/2024\/08\/MAQUETADO-Boceto-17-1-940x723.jpg 940w, https:\/\/www.marcosmedina.es\/wp-content\/uploads\/2024\/08\/MAQUETADO-Boceto-17-1-431x332.jpg 431w\" sizes=\"(max-width: 799px) 94vw, (max-width: 1023px) 67vw, (max-width: 1365px) 62vw, 1037\" \/><\/a><\/figure><\/div>\n\n\n<div style=\"height:100px\" aria-hidden=\"true\" class=\"wp-block-spacer\"><\/div>\n\n\n<div class=\"wp-block-image\">\n<figure class=\"aligncenter size-large\"><a href=\"https:\/\/www.marcosmedina.es\/wp-content\/uploads\/2024\/08\/MAQUETADO-5-Boceto-1.jpg\"><img loading=\"lazy\" decoding=\"async\" width=\"1500\" height=\"1154\" src=\"https:\/\/www.marcosmedina.es\/wp-content\/uploads\/2024\/08\/MAQUETADO-5-Boceto-1.jpg\" alt=\"\" class=\"wp-image-8326\" srcset=\"https:\/\/www.marcosmedina.es\/wp-content\/uploads\/2024\/08\/MAQUETADO-5-Boceto-1.jpg 1500w, https:\/\/www.marcosmedina.es\/wp-content\/uploads\/2024\/08\/MAQUETADO-5-Boceto-1-940x723.jpg 940w, https:\/\/www.marcosmedina.es\/wp-content\/uploads\/2024\/08\/MAQUETADO-5-Boceto-1-431x332.jpg 431w\" sizes=\"(max-width: 799px) 94vw, (max-width: 1023px) 67vw, (max-width: 1365px) 62vw, 1037\" \/><\/a><\/figure><\/div>\n\n\n<div style=\"height:100px\" aria-hidden=\"true\" class=\"wp-block-spacer\"><\/div>\n\n\n<div class=\"wp-block-image\">\n<figure class=\"aligncenter size-large\"><a href=\"https:\/\/www.marcosmedina.es\/wp-content\/uploads\/2024\/08\/MAQUETADO-Boceto-19-1.jpg\"><img loading=\"lazy\" decoding=\"async\" width=\"1500\" height=\"1154\" src=\"https:\/\/www.marcosmedina.es\/wp-content\/uploads\/2024\/08\/MAQUETADO-Boceto-19-1.jpg\" alt=\"\" class=\"wp-image-8338\" srcset=\"https:\/\/www.marcosmedina.es\/wp-content\/uploads\/2024\/08\/MAQUETADO-Boceto-19-1.jpg 1500w, https:\/\/www.marcosmedina.es\/wp-content\/uploads\/2024\/08\/MAQUETADO-Boceto-19-1-940x723.jpg 940w, https:\/\/www.marcosmedina.es\/wp-content\/uploads\/2024\/08\/MAQUETADO-Boceto-19-1-431x332.jpg 431w\" sizes=\"(max-width: 799px) 94vw, (max-width: 1023px) 67vw, (max-width: 1365px) 62vw, 1037\" \/><\/a><\/figure><\/div>\n\n\n<div style=\"height:100px\" aria-hidden=\"true\" class=\"wp-block-spacer\"><\/div>\n\n\n<div class=\"wp-block-image\">\n<figure class=\"aligncenter size-large\"><a href=\"https:\/\/www.marcosmedina.es\/wp-content\/uploads\/2024\/08\/MAQUETADO-Boceto-20-1.jpg\"><img loading=\"lazy\" decoding=\"async\" width=\"1500\" height=\"1154\" src=\"https:\/\/www.marcosmedina.es\/wp-content\/uploads\/2024\/08\/MAQUETADO-Boceto-20-1.jpg\" alt=\"\" class=\"wp-image-8339\" srcset=\"https:\/\/www.marcosmedina.es\/wp-content\/uploads\/2024\/08\/MAQUETADO-Boceto-20-1.jpg 1500w, https:\/\/www.marcosmedina.es\/wp-content\/uploads\/2024\/08\/MAQUETADO-Boceto-20-1-940x723.jpg 940w, https:\/\/www.marcosmedina.es\/wp-content\/uploads\/2024\/08\/MAQUETADO-Boceto-20-1-431x332.jpg 431w\" sizes=\"(max-width: 799px) 94vw, (max-width: 1023px) 67vw, (max-width: 1365px) 62vw, 1037\" \/><\/a><\/figure><\/div>","protected":false},"excerpt":{"rendered":"<p>La serie \u00abJekyll &amp; Hyde\u00bb nace inspirada en los personajes antag\u00f3nicos \u00abJekyll\u00bb y \u00abHyde\u00bb y basada en el concepto universal &hellip; <a href=\"https:\/\/www.marcosmedina.es\/?page_id=5995\" class=\"more-link\"><span class=\"more-button\">Continue reading &gt;<span class=\"screen-reader-text\">JEKYLL &#038; HYDE<\/span><\/span><\/a><\/p>\n","protected":false},"author":1,"featured_media":0,"parent":0,"menu_order":0,"comment_status":"closed","ping_status":"closed","template":"","meta":{"footnotes":""},"class_list":["post-5995","page","type-page","status-publish","hentry"],"acf":[],"_links":{"self":[{"href":"https:\/\/www.marcosmedina.es\/index.php?rest_route=\/wp\/v2\/pages\/5995"}],"collection":[{"href":"https:\/\/www.marcosmedina.es\/index.php?rest_route=\/wp\/v2\/pages"}],"about":[{"href":"https:\/\/www.marcosmedina.es\/index.php?rest_route=\/wp\/v2\/types\/page"}],"author":[{"embeddable":true,"href":"https:\/\/www.marcosmedina.es\/index.php?rest_route=\/wp\/v2\/users\/1"}],"replies":[{"embeddable":true,"href":"https:\/\/www.marcosmedina.es\/index.php?rest_route=%2Fwp%2Fv2%2Fcomments&post=5995"}],"version-history":[{"count":22,"href":"https:\/\/www.marcosmedina.es\/index.php?rest_route=\/wp\/v2\/pages\/5995\/revisions"}],"predecessor-version":[{"id":8945,"href":"https:\/\/www.marcosmedina.es\/index.php?rest_route=\/wp\/v2\/pages\/5995\/revisions\/8945"}],"wp:attachment":[{"href":"https:\/\/www.marcosmedina.es\/index.php?rest_route=%2Fwp%2Fv2%2Fmedia&parent=5995"}],"curies":[{"name":"wp","href":"https:\/\/api.w.org\/{rel}","templated":true}]}}