{"id":6574,"date":"2021-10-18T21:02:03","date_gmt":"2021-10-18T21:02:03","guid":{"rendered":"http:\/\/marcosmedina.es\/?page_id=6574"},"modified":"2025-01-24T20:32:37","modified_gmt":"2025-01-24T20:32:37","slug":"fosiles-humanos","status":"publish","type":"page","link":"https:\/\/www.marcosmedina.es\/?page_id=6574","title":{"rendered":"F\u00d3SILES HUMANOS"},"content":{"rendered":"\n<pre class=\"wp-block-preformatted has-normal-font-size\">\u201cF\u00f3siles Humanos\u201d presenta objetos desechados que, atrapados en la tierra y formando parte de ella, se transforman en vestigios arqueol\u00f3gicos contempor\u00e1neos. Estos residuos fusionados a trav\u00e9s de procesos y elementos naturales act\u00faan como huellas humanas en el paisaje natural, mostrando la permanencia de lo artificial frente a la fragilidad del entorno. La disposici\u00f3n ordenada evoca un cat\u00e1logo arqueol\u00f3gico, donde cada fragmento adquiere un nuevo significado, documentando nuestra relaci\u00f3n con el consumo y el abandono. Se invita a reflexionar sobre c\u00f3mo estos \u201cf\u00f3siles\u201d definen nuestro paso por el mundo, convirti\u00e9ndose en un registro silencioso de nuestras acciones y del impacto humano en la naturaleza.<\/pre>\n\n\n\n<div style=\"height:100px\" aria-hidden=\"true\" class=\"wp-block-spacer\"><\/div>\n\n\n\n<p class=\"has-text-align-center\"><strong>\u00abF\u00d3SILES HUMANOS\u00bb<\/strong><br>(2017-2020)<\/p>\n\n\n\n<div style=\"height:51px\" aria-hidden=\"true\" class=\"wp-block-spacer\"><\/div>\n\n\n<div class=\"wp-block-image\">\n<figure class=\"aligncenter size-large is-resized\"><a href=\"https:\/\/www.marcosmedina.es\/wp-content\/uploads\/2024\/08\/MARCOS-MEDINA-Fotografias-Pensamiento-tangible-25x25-301.jpg\"><img loading=\"lazy\" decoding=\"async\" width=\"1920\" height=\"1928\" src=\"https:\/\/www.marcosmedina.es\/wp-content\/uploads\/2024\/08\/MARCOS-MEDINA-Fotografias-Pensamiento-tangible-25x25-301-1920x1928.jpg\" alt=\"\" class=\"wp-image-8454\" style=\"width:1450px;height:auto\" srcset=\"https:\/\/www.marcosmedina.es\/wp-content\/uploads\/2024\/08\/MARCOS-MEDINA-Fotografias-Pensamiento-tangible-25x25-301-1920x1928.jpg 1920w, https:\/\/www.marcosmedina.es\/wp-content\/uploads\/2024\/08\/MARCOS-MEDINA-Fotografias-Pensamiento-tangible-25x25-301-940x944.jpg 940w, https:\/\/www.marcosmedina.es\/wp-content\/uploads\/2024\/08\/MARCOS-MEDINA-Fotografias-Pensamiento-tangible-25x25-301-431x433.jpg 431w, https:\/\/www.marcosmedina.es\/wp-content\/uploads\/2024\/08\/MARCOS-MEDINA-Fotografias-Pensamiento-tangible-25x25-301-1530x1536.jpg 1530w, https:\/\/www.marcosmedina.es\/wp-content\/uploads\/2024\/08\/MARCOS-MEDINA-Fotografias-Pensamiento-tangible-25x25-301-120x120.jpg 120w, https:\/\/www.marcosmedina.es\/wp-content\/uploads\/2024\/08\/MARCOS-MEDINA-Fotografias-Pensamiento-tangible-25x25-301.jpg 1964w, https:\/\/www.marcosmedina.es\/wp-content\/uploads\/2024\/08\/MARCOS-MEDINA-Fotografias-Pensamiento-tangible-25x25-301-120x120@2x.jpg 240w\" sizes=\"(max-width: 799px) 94vw, (max-width: 1023px) 67vw, (max-width: 1365px) 62vw, 1037\" \/><\/a><\/figure><\/div>\n\n\n<div style=\"height:100px\" aria-hidden=\"true\" class=\"wp-block-spacer\"><\/div>\n\n\n<div class=\"wp-block-image\">\n<figure class=\"aligncenter size-large is-resized\"><a href=\"https:\/\/www.marcosmedina.es\/wp-content\/uploads\/2024\/08\/MARCOS-MEDINA-Fotografias-Pensamiento-tangible-25x25-300.jpg\"><img loading=\"lazy\" decoding=\"async\" width=\"1248\" height=\"1197\" src=\"https:\/\/www.marcosmedina.es\/wp-content\/uploads\/2024\/08\/MARCOS-MEDINA-Fotografias-Pensamiento-tangible-25x25-300.jpg\" alt=\"\" class=\"wp-image-8448\" style=\"width:904px;height:auto\" srcset=\"https:\/\/www.marcosmedina.es\/wp-content\/uploads\/2024\/08\/MARCOS-MEDINA-Fotografias-Pensamiento-tangible-25x25-300.jpg 1248w, https:\/\/www.marcosmedina.es\/wp-content\/uploads\/2024\/08\/MARCOS-MEDINA-Fotografias-Pensamiento-tangible-25x25-300-940x902.jpg 940w, https:\/\/www.marcosmedina.es\/wp-content\/uploads\/2024\/08\/MARCOS-MEDINA-Fotografias-Pensamiento-tangible-25x25-300-431x413.jpg 431w\" sizes=\"(max-width: 799px) 94vw, (max-width: 1023px) 67vw, (max-width: 1365px) 62vw, 1037\" \/><\/a><\/figure><\/div>\n\n\n<div style=\"height:100px\" aria-hidden=\"true\" class=\"wp-block-spacer\"><\/div>\n\n\n<div class=\"wp-block-image\">\n<figure class=\"aligncenter size-large is-resized\"><a href=\"https:\/\/www.marcosmedina.es\/wp-content\/uploads\/2024\/08\/MARCOS-MEDINA-Fotografias-Pensamiento-tangible-25x25-302.jpg\"><img loading=\"lazy\" decoding=\"async\" width=\"1369\" height=\"1381\" src=\"https:\/\/www.marcosmedina.es\/wp-content\/uploads\/2024\/08\/MARCOS-MEDINA-Fotografias-Pensamiento-tangible-25x25-302.jpg\" alt=\"\" class=\"wp-image-8449\" style=\"width:913px;height:auto\" srcset=\"https:\/\/www.marcosmedina.es\/wp-content\/uploads\/2024\/08\/MARCOS-MEDINA-Fotografias-Pensamiento-tangible-25x25-302.jpg 1369w, https:\/\/www.marcosmedina.es\/wp-content\/uploads\/2024\/08\/MARCOS-MEDINA-Fotografias-Pensamiento-tangible-25x25-302-940x948.jpg 940w, https:\/\/www.marcosmedina.es\/wp-content\/uploads\/2024\/08\/MARCOS-MEDINA-Fotografias-Pensamiento-tangible-25x25-302-431x435.jpg 431w, https:\/\/www.marcosmedina.es\/wp-content\/uploads\/2024\/08\/MARCOS-MEDINA-Fotografias-Pensamiento-tangible-25x25-302-120x120.jpg 120w, https:\/\/www.marcosmedina.es\/wp-content\/uploads\/2024\/08\/MARCOS-MEDINA-Fotografias-Pensamiento-tangible-25x25-302-120x120@2x.jpg 240w\" sizes=\"(max-width: 799px) 94vw, (max-width: 1023px) 67vw, (max-width: 1365px) 62vw, 1037\" \/><\/a><\/figure><\/div>\n\n\n<div style=\"height:100px\" aria-hidden=\"true\" class=\"wp-block-spacer\"><\/div>\n\n\n<div class=\"wp-block-image\">\n<figure class=\"aligncenter size-large is-resized\"><a href=\"https:\/\/www.marcosmedina.es\/wp-content\/uploads\/2024\/08\/MARCOS-MEDINA-Fotografias-Pensamiento-tangible-25x25-303.jpg\"><img loading=\"lazy\" decoding=\"async\" width=\"1371\" height=\"1379\" src=\"https:\/\/www.marcosmedina.es\/wp-content\/uploads\/2024\/08\/MARCOS-MEDINA-Fotografias-Pensamiento-tangible-25x25-303.jpg\" alt=\"\" class=\"wp-image-8450\" style=\"width:919px;height:auto\" srcset=\"https:\/\/www.marcosmedina.es\/wp-content\/uploads\/2024\/08\/MARCOS-MEDINA-Fotografias-Pensamiento-tangible-25x25-303.jpg 1371w, https:\/\/www.marcosmedina.es\/wp-content\/uploads\/2024\/08\/MARCOS-MEDINA-Fotografias-Pensamiento-tangible-25x25-303-940x945.jpg 940w, https:\/\/www.marcosmedina.es\/wp-content\/uploads\/2024\/08\/MARCOS-MEDINA-Fotografias-Pensamiento-tangible-25x25-303-431x434.jpg 431w, https:\/\/www.marcosmedina.es\/wp-content\/uploads\/2024\/08\/MARCOS-MEDINA-Fotografias-Pensamiento-tangible-25x25-303-120x120.jpg 120w, https:\/\/www.marcosmedina.es\/wp-content\/uploads\/2024\/08\/MARCOS-MEDINA-Fotografias-Pensamiento-tangible-25x25-303-120x120@2x.jpg 240w\" sizes=\"(max-width: 799px) 94vw, (max-width: 1023px) 67vw, (max-width: 1365px) 62vw, 1037\" \/><\/a><\/figure><\/div>\n\n\n<div style=\"height:100px\" aria-hidden=\"true\" class=\"wp-block-spacer\"><\/div>\n\n\n<div class=\"wp-block-image\">\n<figure class=\"aligncenter size-large is-resized\"><a href=\"https:\/\/www.marcosmedina.es\/wp-content\/uploads\/2024\/08\/MARCOS-MEDINA-Fotografias-Pensamiento-tangible-25x25-304.jpg\"><img loading=\"lazy\" decoding=\"async\" width=\"1371\" height=\"1384\" src=\"https:\/\/www.marcosmedina.es\/wp-content\/uploads\/2024\/08\/MARCOS-MEDINA-Fotografias-Pensamiento-tangible-25x25-304.jpg\" alt=\"\" class=\"wp-image-8451\" style=\"width:921px;height:auto\" srcset=\"https:\/\/www.marcosmedina.es\/wp-content\/uploads\/2024\/08\/MARCOS-MEDINA-Fotografias-Pensamiento-tangible-25x25-304.jpg 1371w, https:\/\/www.marcosmedina.es\/wp-content\/uploads\/2024\/08\/MARCOS-MEDINA-Fotografias-Pensamiento-tangible-25x25-304-940x949.jpg 940w, https:\/\/www.marcosmedina.es\/wp-content\/uploads\/2024\/08\/MARCOS-MEDINA-Fotografias-Pensamiento-tangible-25x25-304-431x435.jpg 431w, https:\/\/www.marcosmedina.es\/wp-content\/uploads\/2024\/08\/MARCOS-MEDINA-Fotografias-Pensamiento-tangible-25x25-304-120x120.jpg 120w, https:\/\/www.marcosmedina.es\/wp-content\/uploads\/2024\/08\/MARCOS-MEDINA-Fotografias-Pensamiento-tangible-25x25-304-120x120@2x.jpg 240w\" sizes=\"(max-width: 799px) 94vw, (max-width: 1023px) 67vw, (max-width: 1365px) 62vw, 1037\" \/><\/a><\/figure><\/div>\n\n\n<div style=\"height:100px\" aria-hidden=\"true\" class=\"wp-block-spacer\"><\/div>\n\n\n<div class=\"wp-block-image\">\n<figure class=\"aligncenter size-large is-resized\"><a href=\"https:\/\/www.marcosmedina.es\/wp-content\/uploads\/2024\/08\/MARCOS-MEDINA-Fotografias-Pensamiento-tangible-25x25-305.jpg\"><img loading=\"lazy\" decoding=\"async\" width=\"1369\" height=\"1379\" src=\"https:\/\/www.marcosmedina.es\/wp-content\/uploads\/2024\/08\/MARCOS-MEDINA-Fotografias-Pensamiento-tangible-25x25-305.jpg\" alt=\"\" class=\"wp-image-8452\" style=\"width:927px;height:auto\" srcset=\"https:\/\/www.marcosmedina.es\/wp-content\/uploads\/2024\/08\/MARCOS-MEDINA-Fotografias-Pensamiento-tangible-25x25-305.jpg 1369w, https:\/\/www.marcosmedina.es\/wp-content\/uploads\/2024\/08\/MARCOS-MEDINA-Fotografias-Pensamiento-tangible-25x25-305-940x947.jpg 940w, https:\/\/www.marcosmedina.es\/wp-content\/uploads\/2024\/08\/MARCOS-MEDINA-Fotografias-Pensamiento-tangible-25x25-305-431x434.jpg 431w, https:\/\/www.marcosmedina.es\/wp-content\/uploads\/2024\/08\/MARCOS-MEDINA-Fotografias-Pensamiento-tangible-25x25-305-120x120.jpg 120w, https:\/\/www.marcosmedina.es\/wp-content\/uploads\/2024\/08\/MARCOS-MEDINA-Fotografias-Pensamiento-tangible-25x25-305-120x120@2x.jpg 240w\" sizes=\"(max-width: 799px) 94vw, (max-width: 1023px) 67vw, (max-width: 1365px) 62vw, 1037\" \/><\/a><\/figure><\/div>\n\n\n<div style=\"height:100px\" aria-hidden=\"true\" class=\"wp-block-spacer\"><\/div>\n\n\n<div class=\"wp-block-image\">\n<figure class=\"aligncenter size-large is-resized\"><a href=\"https:\/\/www.marcosmedina.es\/wp-content\/uploads\/2024\/08\/MARCOS-MEDINA-Fotografias-Pensamiento-tangible-25x25-298.jpg\"><img loading=\"lazy\" decoding=\"async\" width=\"1251\" height=\"1198\" src=\"https:\/\/www.marcosmedina.es\/wp-content\/uploads\/2024\/08\/MARCOS-MEDINA-Fotografias-Pensamiento-tangible-25x25-298.jpg\" alt=\"\" class=\"wp-image-8453\" style=\"width:931px;height:auto\" srcset=\"https:\/\/www.marcosmedina.es\/wp-content\/uploads\/2024\/08\/MARCOS-MEDINA-Fotografias-Pensamiento-tangible-25x25-298.jpg 1251w, https:\/\/www.marcosmedina.es\/wp-content\/uploads\/2024\/08\/MARCOS-MEDINA-Fotografias-Pensamiento-tangible-25x25-298-940x900.jpg 940w, https:\/\/www.marcosmedina.es\/wp-content\/uploads\/2024\/08\/MARCOS-MEDINA-Fotografias-Pensamiento-tangible-25x25-298-431x413.jpg 431w\" sizes=\"(max-width: 799px) 94vw, (max-width: 1023px) 67vw, (max-width: 1365px) 62vw, 1037\" \/><\/a><\/figure><\/div>","protected":false},"excerpt":{"rendered":"<p>\u201cF\u00f3siles Humanos\u201d presenta objetos desechados que, atrapados en la tierra y formando parte de ella, se transforman en vestigios arqueol\u00f3gicos &hellip; <a href=\"https:\/\/www.marcosmedina.es\/?page_id=6574\" class=\"more-link\"><span class=\"more-button\">Continue reading &gt;<span class=\"screen-reader-text\">F\u00d3SILES HUMANOS<\/span><\/span><\/a><\/p>\n","protected":false},"author":1,"featured_media":0,"parent":0,"menu_order":0,"comment_status":"closed","ping_status":"closed","template":"","meta":{"footnotes":""},"class_list":["post-6574","page","type-page","status-publish","hentry"],"acf":[],"_links":{"self":[{"href":"https:\/\/www.marcosmedina.es\/index.php?rest_route=\/wp\/v2\/pages\/6574"}],"collection":[{"href":"https:\/\/www.marcosmedina.es\/index.php?rest_route=\/wp\/v2\/pages"}],"about":[{"href":"https:\/\/www.marcosmedina.es\/index.php?rest_route=\/wp\/v2\/types\/page"}],"author":[{"embeddable":true,"href":"https:\/\/www.marcosmedina.es\/index.php?rest_route=\/wp\/v2\/users\/1"}],"replies":[{"embeddable":true,"href":"https:\/\/www.marcosmedina.es\/index.php?rest_route=%2Fwp%2Fv2%2Fcomments&post=6574"}],"version-history":[{"count":15,"href":"https:\/\/www.marcosmedina.es\/index.php?rest_route=\/wp\/v2\/pages\/6574\/revisions"}],"predecessor-version":[{"id":8949,"href":"https:\/\/www.marcosmedina.es\/index.php?rest_route=\/wp\/v2\/pages\/6574\/revisions\/8949"}],"wp:attachment":[{"href":"https:\/\/www.marcosmedina.es\/index.php?rest_route=%2Fwp%2Fv2%2Fmedia&parent=6574"}],"curies":[{"name":"wp","href":"https:\/\/api.w.org\/{rel}","templated":true}]}}