{"id":8676,"date":"2024-11-10T12:32:52","date_gmt":"2024-11-10T12:32:52","guid":{"rendered":"https:\/\/www.marcosmedina.es\/?page_id=8676"},"modified":"2025-11-28T08:30:03","modified_gmt":"2025-11-28T08:30:03","slug":"dilucion","status":"publish","type":"page","link":"https:\/\/www.marcosmedina.es\/?page_id=8676","title":{"rendered":"DILUCI\u00d3N DE LA EXISTENCIA"},"content":{"rendered":"\n<pre class=\"wp-block-preformatted has-normal-font-size\">\"Diluci\u00f3n de la existencia\" es una serie fotogr\u00e1fica que examina la deshumanizaci\u00f3n ante el creciente dominio de la inteligencia artificial. <br>A partir de dos elementos visuales contratantes, maniqu\u00edes sin rostro y modelos humanos con apariencia de androides, la obra plantea una reflexi\u00f3n sobre la fragilidad de la identidad en un entorno tecnol\u00f3gicamente saturado.<br>Los maniqu\u00edes, desprovistos de rasgos, encarnan la p\u00e9rdida de singularidad y la reducci\u00f3n del individuo a un objeto intercambiable. Su anonimato funciona como met\u00e1fora de una humanidad que se diluye en estructuras cada vez m\u00e1s mecanizadas. En contraposici\u00f3n, los modelos de aspecto androide representan la presencia invasiva, eficiente y aparentemente perfecta de la IA, cuya influencia se expande tanto en la vida social como en los \u00e1mbitos profesionales.<br>El di\u00e1logo visual entre ambas figuras evidencia un escenario de alienaci\u00f3n y desconexi\u00f3n emocional, donde la frialdad tecnol\u00f3gica eclipsa la expresi\u00f3n humana. La serie sugiere c\u00f3mo la IA, en su avance implacable, amenaza con suplantar aquello que nos define, generando un paisaje simb\u00f3lico donde los l\u00edmites entre lo humano y lo artificial resultan cada vez m\u00e1s difusos.<br> \"Diluci\u00f3n de la existencia\" invita al espectador a reflexionar sobre los efectos de la IA en nuestra humanidad y en c\u00f3mo nos relacionamos como seres sociales. A trav\u00e9s de estas im\u00e1genes, se plantea la pregunta de c\u00f3mo podemos preservar nuestra identidad y conexi\u00f3n emocional en un mundo cada vez m\u00e1s tecnol\u00f3gico, donde los l\u00edmites entre lo humano y lo artificial se desdibujan.\u201d <\/pre>\n\n\n\n<div style=\"height:81px\" aria-hidden=\"true\" class=\"wp-block-spacer\"><\/div>\n\n\n\n<p class=\"has-text-align-center\"><strong>\u201cDILUCI\u00d3N DE LA EXISTENCIA\u201d<\/strong><\/p>\n\n\n\n<p class=\"has-text-align-center\">(2024 -2025 )<\/p>\n\n\n\n<div style=\"height:100px\" aria-hidden=\"true\" class=\"wp-block-spacer\"><\/div>\n\n\n<div class=\"wp-block-image\">\n<figure class=\"aligncenter size-full is-resized\"><a href=\"https:\/\/www.marcosmedina.es\/wp-content\/uploads\/2025\/11\/ORDEN-DILUCION-.png\"><img loading=\"lazy\" decoding=\"async\" width=\"744\" height=\"423\" src=\"https:\/\/www.marcosmedina.es\/wp-content\/uploads\/2025\/11\/ORDEN-DILUCION-.png\" alt=\"\" class=\"wp-image-9380\" style=\"width:1450px;height:auto\" srcset=\"https:\/\/www.marcosmedina.es\/wp-content\/uploads\/2025\/11\/ORDEN-DILUCION-.png 744w, https:\/\/www.marcosmedina.es\/wp-content\/uploads\/2025\/11\/ORDEN-DILUCION--431x245.png 431w\" sizes=\"(max-width: 744px) 100vw, 744px\" \/><\/a><figcaption class=\"wp-element-caption\">\u00abDILUCI\u00d3N DE LA EXISTENCIA\u00bb<\/figcaption><\/figure><\/div>\n\n\n<pre class=\"wp-block-preformatted\"><\/pre>\n\n\n\n<div style=\"height:0px\" aria-hidden=\"true\" class=\"wp-block-spacer\"><\/div>\n\n\n<div class=\"wp-block-image\">\n<figure class=\"aligncenter size-large is-resized\"><a href=\"https:\/\/www.marcosmedina.es\/wp-content\/uploads\/2025\/04\/DILUCION-DE-LA-EXISTENCIA-Escena-12-1-scaled.jpg\"><img loading=\"lazy\" decoding=\"async\" width=\"1920\" height=\"1443\" src=\"http:\/\/www.marcosmedina.es\/wp-content\/uploads\/2025\/04\/DILUCION-DE-LA-EXISTENCIA-Escena-12-1-1920x1443.jpg\" alt=\"\" class=\"wp-image-9005\" style=\"width:1450px;height:auto\" srcset=\"https:\/\/www.marcosmedina.es\/wp-content\/uploads\/2025\/04\/DILUCION-DE-LA-EXISTENCIA-Escena-12-1-1920x1443.jpg 1920w, https:\/\/www.marcosmedina.es\/wp-content\/uploads\/2025\/04\/DILUCION-DE-LA-EXISTENCIA-Escena-12-1-940x706.jpg 940w, https:\/\/www.marcosmedina.es\/wp-content\/uploads\/2025\/04\/DILUCION-DE-LA-EXISTENCIA-Escena-12-1-431x324.jpg 431w, https:\/\/www.marcosmedina.es\/wp-content\/uploads\/2025\/04\/DILUCION-DE-LA-EXISTENCIA-Escena-12-1-1536x1154.jpg 1536w, https:\/\/www.marcosmedina.es\/wp-content\/uploads\/2025\/04\/DILUCION-DE-LA-EXISTENCIA-Escena-12-1-2048x1539.jpg 2048w\" sizes=\"(max-width: 799px) 94vw, (max-width: 1023px) 67vw, (max-width: 1365px) 62vw, 1037\" \/><\/a><figcaption class=\"wp-element-caption\">ESCENA 15  \u00abANDROIDE DE COMPA\u00d1\u00cdA\u00bb<\/figcaption><\/figure><\/div>\n\n\n<pre class=\"wp-block-preformatted\"><\/pre>\n\n\n<div class=\"wp-block-image\">\n<figure class=\"aligncenter size-full is-resized\"><a href=\"https:\/\/www.marcosmedina.es\/wp-content\/uploads\/2025\/11\/ESCENA-17.jpg\"><img loading=\"lazy\" decoding=\"async\" width=\"1690\" height=\"1183\" src=\"http:\/\/www.marcosmedina.es\/wp-content\/uploads\/2025\/11\/ESCENA-17.jpg\" alt=\"&quot;ENLACE MATROMONIAL&quot;\" class=\"wp-image-9291\" style=\"width:1450px;height:auto\" srcset=\"https:\/\/www.marcosmedina.es\/wp-content\/uploads\/2025\/11\/ESCENA-17.jpg 1690w, https:\/\/www.marcosmedina.es\/wp-content\/uploads\/2025\/11\/ESCENA-17-940x658.jpg 940w, https:\/\/www.marcosmedina.es\/wp-content\/uploads\/2025\/11\/ESCENA-17-431x302.jpg 431w, https:\/\/www.marcosmedina.es\/wp-content\/uploads\/2025\/11\/ESCENA-17-1536x1075.jpg 1536w\" sizes=\"(max-width: 799px) 94vw, (max-width: 1023px) 67vw, (max-width: 1365px) 62vw, 1037\" \/><\/a><figcaption class=\"wp-element-caption\">ESCENA 17 \u00abENLACE MATRIMONIAL\u00bb<\/figcaption><\/figure><\/div>\n\n\n<pre class=\"wp-block-preformatted\"><\/pre>\n\n\n<div class=\"wp-block-image\">\n<figure class=\"aligncenter size-large is-resized\"><a href=\"https:\/\/www.marcosmedina.es\/wp-content\/uploads\/2025\/08\/01-DILUCION-DE-LA-EXISTENCIA-Escena-7A-Editar-copia.jpg\"><img loading=\"lazy\" decoding=\"async\" width=\"1920\" height=\"1443\" src=\"https:\/\/www.marcosmedina.es\/wp-content\/uploads\/2025\/08\/01-DILUCION-DE-LA-EXISTENCIA-Escena-7A-Editar-copia-1920x1443.jpg\" alt=\"\" class=\"wp-image-9066\" style=\"width:1450px;height:auto\" srcset=\"https:\/\/www.marcosmedina.es\/wp-content\/uploads\/2025\/08\/01-DILUCION-DE-LA-EXISTENCIA-Escena-7A-Editar-copia-1920x1443.jpg 1920w, https:\/\/www.marcosmedina.es\/wp-content\/uploads\/2025\/08\/01-DILUCION-DE-LA-EXISTENCIA-Escena-7A-Editar-copia-940x706.jpg 940w, https:\/\/www.marcosmedina.es\/wp-content\/uploads\/2025\/08\/01-DILUCION-DE-LA-EXISTENCIA-Escena-7A-Editar-copia-431x324.jpg 431w, https:\/\/www.marcosmedina.es\/wp-content\/uploads\/2025\/08\/01-DILUCION-DE-LA-EXISTENCIA-Escena-7A-Editar-copia-1536x1154.jpg 1536w, https:\/\/www.marcosmedina.es\/wp-content\/uploads\/2025\/08\/01-DILUCION-DE-LA-EXISTENCIA-Escena-7A-Editar-copia.jpg 2000w\" sizes=\"(max-width: 799px) 94vw, (max-width: 1023px) 67vw, (max-width: 1365px) 62vw, 1037\" \/><\/a><figcaption class=\"wp-element-caption\">ESCENA 20 \u00abEXPLORANDO OTROS MUNDOS\u00bb<\/figcaption><\/figure><\/div>","protected":false},"excerpt":{"rendered":"<p>\u00abDiluci\u00f3n de la existencia\u00bb es una serie fotogr\u00e1fica que examina la deshumanizaci\u00f3n ante el creciente dominio de la inteligencia artificial. &hellip; <a href=\"https:\/\/www.marcosmedina.es\/?page_id=8676\" class=\"more-link\"><span class=\"more-button\">Continue reading &gt;<span class=\"screen-reader-text\">DILUCI\u00d3N DE LA EXISTENCIA<\/span><\/span><\/a><\/p>\n","protected":false},"author":1,"featured_media":0,"parent":0,"menu_order":0,"comment_status":"closed","ping_status":"closed","template":"","meta":{"footnotes":""},"class_list":["post-8676","page","type-page","status-publish","hentry"],"acf":[],"_links":{"self":[{"href":"https:\/\/www.marcosmedina.es\/index.php?rest_route=\/wp\/v2\/pages\/8676"}],"collection":[{"href":"https:\/\/www.marcosmedina.es\/index.php?rest_route=\/wp\/v2\/pages"}],"about":[{"href":"https:\/\/www.marcosmedina.es\/index.php?rest_route=\/wp\/v2\/types\/page"}],"author":[{"embeddable":true,"href":"https:\/\/www.marcosmedina.es\/index.php?rest_route=\/wp\/v2\/users\/1"}],"replies":[{"embeddable":true,"href":"https:\/\/www.marcosmedina.es\/index.php?rest_route=%2Fwp%2Fv2%2Fcomments&post=8676"}],"version-history":[{"count":72,"href":"https:\/\/www.marcosmedina.es\/index.php?rest_route=\/wp\/v2\/pages\/8676\/revisions"}],"predecessor-version":[{"id":9383,"href":"https:\/\/www.marcosmedina.es\/index.php?rest_route=\/wp\/v2\/pages\/8676\/revisions\/9383"}],"wp:attachment":[{"href":"https:\/\/www.marcosmedina.es\/index.php?rest_route=%2Fwp%2Fv2%2Fmedia&parent=8676"}],"curies":[{"name":"wp","href":"https:\/\/api.w.org\/{rel}","templated":true}]}}