{"id":9162,"date":"2025-08-29T15:21:27","date_gmt":"2025-08-29T15:21:27","guid":{"rendered":"https:\/\/www.marcosmedina.es\/?page_id=9162"},"modified":"2025-08-29T15:33:06","modified_gmt":"2025-08-29T15:33:06","slug":"9162-2","status":"publish","type":"page","link":"https:\/\/www.marcosmedina.es\/?page_id=9162","title":{"rendered":"Exposiciones ESPACIO LIMINAL"},"content":{"rendered":"\n<div class=\"wp-block-group\"><div class=\"wp-block-group__inner-container is-layout-constrained wp-block-group-is-layout-constrained\">\n<p class=\"has-text-align-center\"><a href=\"http:\/\/marcosmedina.es\/?page_id=5983\">\u201c<\/a><a href=\"https:\/\/www.marcosmedina.es\/?page_id=7370\">ESPACIO LIMINAL<\/a><a href=\"http:\/\/marcosmedina.es\/?page_id=5983\">\u201d<\/a><br>(2024)<\/p>\n\n\n\n<div style=\"height:59px\" aria-hidden=\"true\" class=\"wp-block-spacer\"><\/div>\n\n\n\n<pre class=\"wp-block-preformatted has-normal-font-size\">La playa es un umbral donde se cruzan diferentes estados: lo natural y lo intervenido, lo temporal y lo eterno.<br>&nbsp;<br>Un territorio de tensiones donde convergen la vastedad natural y la intervenci\u00f3n humana.<br>&nbsp;<br>Es a la vez refugio y escenario, testigo de nuestra capacidad de contemplar y de transformar.<br>&nbsp;<br>Las huellas de nuestra presencia en el paisaje muestran un di\u00e1logo entre fascinaci\u00f3n e impacto. Este lugar se convierte en un testimonio de nuestras acciones, donde se entrelazan memoria, huella y resistencia.<br>&nbsp;<br>Como espejo del paisaje interior y colectivo, la playa revela no solo su fragilidad, sino tambi\u00e9n la nuestra.<br>&nbsp;<br>Al recorrerlo, emerge una narrativa de impacto y resistencia, un di\u00e1logo abierto sobre nuestra presencia en un entorno que, aunque vasto, no es infinito.<br>&nbsp;<br>Esta obra no busca resolver preguntas, sino abrir caminos hacia la reflexi\u00f3n. Nos invita a contemplar nuestra relaci\u00f3n con lo sublime, con el entorno y con el tiempo, enfrent\u00e1ndonos a las marcas que dejamos en nosotros mismos y en el mundo que habitamos.<\/pre>\n\n\n\n<div style=\"height:90px\" aria-hidden=\"true\" class=\"wp-block-spacer\"><\/div>\n\n\n\n<h3 class=\"wp-block-heading\">ARCOS DE LA FRONTERA (C\u00c1DIZ, ESPA\u00d1A)<\/h3>\n\n\n\n<h4 class=\"wp-block-heading\">28 DICIEMBRE &#8211; 30 DICIEMBRE 2024.  GALER\u00cdA \u00abLA SALITA\u00bb <\/h4>\n\n\n\n<div style=\"height:80px\" aria-hidden=\"true\" class=\"wp-block-spacer\"><\/div>\n\n\n\n<figure class=\"wp-block-image size-large\"><a href=\"https:\/\/www.marcosmedina.es\/wp-content\/uploads\/2025\/01\/Espacio-Liminal-La-Salita-IV-1-scaled.jpg\"><img loading=\"lazy\" decoding=\"async\" width=\"1709\" height=\"2560\" src=\"https:\/\/www.marcosmedina.es\/wp-content\/uploads\/2025\/01\/Espacio-Liminal-La-Salita-IV-1-scaled.jpg\" alt=\"\" class=\"wp-image-8820\" srcset=\"https:\/\/www.marcosmedina.es\/wp-content\/uploads\/2025\/01\/Espacio-Liminal-La-Salita-IV-1-scaled.jpg 1709w, https:\/\/www.marcosmedina.es\/wp-content\/uploads\/2025\/01\/Espacio-Liminal-La-Salita-IV-1-940x1408.jpg 940w, https:\/\/www.marcosmedina.es\/wp-content\/uploads\/2025\/01\/Espacio-Liminal-La-Salita-IV-1-431x646.jpg 431w, https:\/\/www.marcosmedina.es\/wp-content\/uploads\/2025\/01\/Espacio-Liminal-La-Salita-IV-1-1025x1536.jpg 1025w, https:\/\/www.marcosmedina.es\/wp-content\/uploads\/2025\/01\/Espacio-Liminal-La-Salita-IV-1-1367x2048.jpg 1367w\" sizes=\"(max-width: 799px) 94vw, (max-width: 1023px) 67vw, (max-width: 1365px) 62vw, 1037\" \/><\/a><\/figure>\n\n\n\n<div style=\"height:52px\" aria-hidden=\"true\" class=\"wp-block-spacer\"><\/div>\n\n\n\n<figure class=\"wp-block-image size-full is-resized\"><a href=\"https:\/\/www.marcosmedina.es\/wp-content\/uploads\/2025\/01\/Espacio-Liminal-La-Salita-IV-5-scaled.jpg\"><img loading=\"lazy\" decoding=\"async\" width=\"1709\" height=\"2560\" src=\"http:\/\/www.marcosmedina.es\/wp-content\/uploads\/2025\/01\/Espacio-Liminal-La-Salita-IV-5-scaled.jpg\" alt=\"\" class=\"wp-image-8824\" style=\"width:1450px;height:auto\" srcset=\"https:\/\/www.marcosmedina.es\/wp-content\/uploads\/2025\/01\/Espacio-Liminal-La-Salita-IV-5-scaled.jpg 1709w, https:\/\/www.marcosmedina.es\/wp-content\/uploads\/2025\/01\/Espacio-Liminal-La-Salita-IV-5-940x1408.jpg 940w, https:\/\/www.marcosmedina.es\/wp-content\/uploads\/2025\/01\/Espacio-Liminal-La-Salita-IV-5-431x646.jpg 431w, https:\/\/www.marcosmedina.es\/wp-content\/uploads\/2025\/01\/Espacio-Liminal-La-Salita-IV-5-1025x1536.jpg 1025w, https:\/\/www.marcosmedina.es\/wp-content\/uploads\/2025\/01\/Espacio-Liminal-La-Salita-IV-5-1367x2048.jpg 1367w\" sizes=\"(max-width: 799px) 94vw, (max-width: 1023px) 67vw, (max-width: 1365px) 62vw, 1037\" \/><\/a><\/figure>\n\n\n\n<div style=\"height:62px\" aria-hidden=\"true\" class=\"wp-block-spacer\"><\/div>\n\n\n\n<figure class=\"wp-block-image size-large\"><a href=\"https:\/\/www.marcosmedina.es\/wp-content\/uploads\/2025\/01\/Espacio-Liminal-La-Salita-IV-10-scaled.jpg\"><img loading=\"lazy\" decoding=\"async\" width=\"1920\" height=\"1281\" src=\"https:\/\/www.marcosmedina.es\/wp-content\/uploads\/2025\/01\/Espacio-Liminal-La-Salita-IV-10-1920x1281.jpg\" alt=\"\" class=\"wp-image-8829\" srcset=\"https:\/\/www.marcosmedina.es\/wp-content\/uploads\/2025\/01\/Espacio-Liminal-La-Salita-IV-10-1920x1281.jpg 1920w, https:\/\/www.marcosmedina.es\/wp-content\/uploads\/2025\/01\/Espacio-Liminal-La-Salita-IV-10-940x627.jpg 940w, https:\/\/www.marcosmedina.es\/wp-content\/uploads\/2025\/01\/Espacio-Liminal-La-Salita-IV-10-431x288.jpg 431w, https:\/\/www.marcosmedina.es\/wp-content\/uploads\/2025\/01\/Espacio-Liminal-La-Salita-IV-10-1536x1025.jpg 1536w, https:\/\/www.marcosmedina.es\/wp-content\/uploads\/2025\/01\/Espacio-Liminal-La-Salita-IV-10-2048x1367.jpg 2048w\" sizes=\"(max-width: 799px) 94vw, (max-width: 1023px) 67vw, (max-width: 1365px) 62vw, 1037\" \/><\/a><\/figure>\n\n\n\n<div style=\"height:46px\" aria-hidden=\"true\" class=\"wp-block-spacer\"><\/div>\n\n\n\n<figure class=\"wp-block-image size-large\"><a href=\"https:\/\/www.marcosmedina.es\/wp-content\/uploads\/2025\/01\/Espacio-Liminal-La-Salita-IV-2-scaled.jpg\"><img loading=\"lazy\" decoding=\"async\" width=\"1920\" height=\"1281\" src=\"https:\/\/www.marcosmedina.es\/wp-content\/uploads\/2025\/01\/Espacio-Liminal-La-Salita-IV-2-1920x1281.jpg\" alt=\"\" class=\"wp-image-8821\" srcset=\"https:\/\/www.marcosmedina.es\/wp-content\/uploads\/2025\/01\/Espacio-Liminal-La-Salita-IV-2-1920x1281.jpg 1920w, https:\/\/www.marcosmedina.es\/wp-content\/uploads\/2025\/01\/Espacio-Liminal-La-Salita-IV-2-940x627.jpg 940w, https:\/\/www.marcosmedina.es\/wp-content\/uploads\/2025\/01\/Espacio-Liminal-La-Salita-IV-2-431x288.jpg 431w, https:\/\/www.marcosmedina.es\/wp-content\/uploads\/2025\/01\/Espacio-Liminal-La-Salita-IV-2-1536x1025.jpg 1536w, https:\/\/www.marcosmedina.es\/wp-content\/uploads\/2025\/01\/Espacio-Liminal-La-Salita-IV-2-2048x1367.jpg 2048w\" sizes=\"(max-width: 799px) 94vw, (max-width: 1023px) 67vw, (max-width: 1365px) 62vw, 1037\" \/><\/a><\/figure>\n\n\n\n<div style=\"height:40px\" aria-hidden=\"true\" class=\"wp-block-spacer\"><\/div>\n\n\n\n<figure class=\"wp-block-image size-large\"><a href=\"https:\/\/www.marcosmedina.es\/wp-content\/uploads\/2025\/01\/Espacio-Liminal-La-Salita-IV-7-scaled.jpg\"><img loading=\"lazy\" decoding=\"async\" width=\"1920\" height=\"1281\" src=\"https:\/\/www.marcosmedina.es\/wp-content\/uploads\/2025\/01\/Espacio-Liminal-La-Salita-IV-7-1920x1281.jpg\" alt=\"\" class=\"wp-image-8826\" srcset=\"https:\/\/www.marcosmedina.es\/wp-content\/uploads\/2025\/01\/Espacio-Liminal-La-Salita-IV-7-1920x1281.jpg 1920w, https:\/\/www.marcosmedina.es\/wp-content\/uploads\/2025\/01\/Espacio-Liminal-La-Salita-IV-7-940x627.jpg 940w, https:\/\/www.marcosmedina.es\/wp-content\/uploads\/2025\/01\/Espacio-Liminal-La-Salita-IV-7-431x288.jpg 431w, https:\/\/www.marcosmedina.es\/wp-content\/uploads\/2025\/01\/Espacio-Liminal-La-Salita-IV-7-1536x1025.jpg 1536w, https:\/\/www.marcosmedina.es\/wp-content\/uploads\/2025\/01\/Espacio-Liminal-La-Salita-IV-7-2048x1367.jpg 2048w\" sizes=\"(max-width: 799px) 94vw, (max-width: 1023px) 67vw, (max-width: 1365px) 62vw, 1037\" \/><\/a><\/figure>\n\n\n\n<div style=\"height:43px\" aria-hidden=\"true\" class=\"wp-block-spacer\"><\/div>\n\n\n\n<figure class=\"wp-block-image size-large\"><a href=\"https:\/\/www.marcosmedina.es\/wp-content\/uploads\/2025\/01\/Espacio-Liminal-La-Salita-IV-8-scaled.jpg\"><img loading=\"lazy\" decoding=\"async\" width=\"1709\" height=\"2560\" src=\"https:\/\/www.marcosmedina.es\/wp-content\/uploads\/2025\/01\/Espacio-Liminal-La-Salita-IV-8-scaled.jpg\" alt=\"\" class=\"wp-image-8827\" srcset=\"https:\/\/www.marcosmedina.es\/wp-content\/uploads\/2025\/01\/Espacio-Liminal-La-Salita-IV-8-scaled.jpg 1709w, https:\/\/www.marcosmedina.es\/wp-content\/uploads\/2025\/01\/Espacio-Liminal-La-Salita-IV-8-940x1408.jpg 940w, https:\/\/www.marcosmedina.es\/wp-content\/uploads\/2025\/01\/Espacio-Liminal-La-Salita-IV-8-431x646.jpg 431w, https:\/\/www.marcosmedina.es\/wp-content\/uploads\/2025\/01\/Espacio-Liminal-La-Salita-IV-8-1025x1536.jpg 1025w, https:\/\/www.marcosmedina.es\/wp-content\/uploads\/2025\/01\/Espacio-Liminal-La-Salita-IV-8-1367x2048.jpg 1367w\" sizes=\"(max-width: 799px) 94vw, (max-width: 1023px) 67vw, (max-width: 1365px) 62vw, 1037\" \/><\/a><\/figure>\n\n\n\n<div style=\"height:37px\" aria-hidden=\"true\" class=\"wp-block-spacer\"><\/div>\n\n\n\n<figure class=\"wp-block-image size-large\"><a href=\"https:\/\/www.marcosmedina.es\/wp-content\/uploads\/2025\/01\/Espacio-Liminal-La-Salita-IV-9-scaled.jpg\"><img loading=\"lazy\" decoding=\"async\" width=\"1920\" height=\"1281\" src=\"https:\/\/www.marcosmedina.es\/wp-content\/uploads\/2025\/01\/Espacio-Liminal-La-Salita-IV-9-1920x1281.jpg\" alt=\"\" class=\"wp-image-8828\" srcset=\"https:\/\/www.marcosmedina.es\/wp-content\/uploads\/2025\/01\/Espacio-Liminal-La-Salita-IV-9-1920x1281.jpg 1920w, https:\/\/www.marcosmedina.es\/wp-content\/uploads\/2025\/01\/Espacio-Liminal-La-Salita-IV-9-940x627.jpg 940w, https:\/\/www.marcosmedina.es\/wp-content\/uploads\/2025\/01\/Espacio-Liminal-La-Salita-IV-9-431x288.jpg 431w, https:\/\/www.marcosmedina.es\/wp-content\/uploads\/2025\/01\/Espacio-Liminal-La-Salita-IV-9-1536x1025.jpg 1536w, https:\/\/www.marcosmedina.es\/wp-content\/uploads\/2025\/01\/Espacio-Liminal-La-Salita-IV-9-2048x1367.jpg 2048w\" sizes=\"(max-width: 799px) 94vw, (max-width: 1023px) 67vw, (max-width: 1365px) 62vw, 1037\" \/><\/a><\/figure>\n\n\n\n<div style=\"height:40px\" aria-hidden=\"true\" class=\"wp-block-spacer\"><\/div>\n\n\n\n<figure class=\"wp-block-image size-large\"><a href=\"https:\/\/www.marcosmedina.es\/wp-content\/uploads\/2025\/01\/Espacio-Liminal-La-Salita-IV-11-scaled.jpg\"><img loading=\"lazy\" decoding=\"async\" width=\"1920\" height=\"1080\" src=\"https:\/\/www.marcosmedina.es\/wp-content\/uploads\/2025\/01\/Espacio-Liminal-La-Salita-IV-11-1920x1080.jpg\" alt=\"\" class=\"wp-image-8830\" srcset=\"https:\/\/www.marcosmedina.es\/wp-content\/uploads\/2025\/01\/Espacio-Liminal-La-Salita-IV-11-1920x1080.jpg 1920w, https:\/\/www.marcosmedina.es\/wp-content\/uploads\/2025\/01\/Espacio-Liminal-La-Salita-IV-11-940x529.jpg 940w, https:\/\/www.marcosmedina.es\/wp-content\/uploads\/2025\/01\/Espacio-Liminal-La-Salita-IV-11-431x242.jpg 431w, https:\/\/www.marcosmedina.es\/wp-content\/uploads\/2025\/01\/Espacio-Liminal-La-Salita-IV-11-1536x864.jpg 1536w, https:\/\/www.marcosmedina.es\/wp-content\/uploads\/2025\/01\/Espacio-Liminal-La-Salita-IV-11-2048x1152.jpg 2048w\" sizes=\"(max-width: 799px) 94vw, (max-width: 1023px) 67vw, (max-width: 1365px) 62vw, 1037\" \/><\/a><\/figure>\n\n\n\n<div style=\"height:33px\" aria-hidden=\"true\" class=\"wp-block-spacer\"><\/div>\n\n\n\n<figure class=\"wp-block-image size-large\"><a href=\"https:\/\/www.marcosmedina.es\/wp-content\/uploads\/2025\/01\/Espacio-Liminal-La-Salita-IV-12-scaled.jpg\"><img loading=\"lazy\" decoding=\"async\" width=\"1920\" height=\"1080\" src=\"https:\/\/www.marcosmedina.es\/wp-content\/uploads\/2025\/01\/Espacio-Liminal-La-Salita-IV-12-1920x1080.jpg\" alt=\"\" class=\"wp-image-8831\" srcset=\"https:\/\/www.marcosmedina.es\/wp-content\/uploads\/2025\/01\/Espacio-Liminal-La-Salita-IV-12-1920x1080.jpg 1920w, https:\/\/www.marcosmedina.es\/wp-content\/uploads\/2025\/01\/Espacio-Liminal-La-Salita-IV-12-940x529.jpg 940w, https:\/\/www.marcosmedina.es\/wp-content\/uploads\/2025\/01\/Espacio-Liminal-La-Salita-IV-12-431x242.jpg 431w, https:\/\/www.marcosmedina.es\/wp-content\/uploads\/2025\/01\/Espacio-Liminal-La-Salita-IV-12-1536x864.jpg 1536w, https:\/\/www.marcosmedina.es\/wp-content\/uploads\/2025\/01\/Espacio-Liminal-La-Salita-IV-12-2048x1152.jpg 2048w\" sizes=\"(max-width: 799px) 94vw, (max-width: 1023px) 67vw, (max-width: 1365px) 62vw, 1037\" \/><\/a><\/figure>\n\n\n\n<p><\/p>\n\n\n\n<div style=\"height:185px\" aria-hidden=\"true\" class=\"wp-block-spacer\"><\/div>\n<\/div><\/div>\n","protected":false},"excerpt":{"rendered":"<p>\u201cESPACIO LIMINAL\u201d(2024) La playa es un umbral donde se cruzan diferentes estados: lo natural y lo intervenido, lo temporal y &hellip; <a href=\"https:\/\/www.marcosmedina.es\/?page_id=9162\" class=\"more-link\"><span class=\"more-button\">Continue reading &gt;<span class=\"screen-reader-text\">Exposiciones ESPACIO LIMINAL<\/span><\/span><\/a><\/p>\n","protected":false},"author":1,"featured_media":0,"parent":0,"menu_order":0,"comment_status":"closed","ping_status":"closed","template":"","meta":{"footnotes":""},"class_list":["post-9162","page","type-page","status-publish","hentry"],"acf":[],"_links":{"self":[{"href":"https:\/\/www.marcosmedina.es\/index.php?rest_route=\/wp\/v2\/pages\/9162"}],"collection":[{"href":"https:\/\/www.marcosmedina.es\/index.php?rest_route=\/wp\/v2\/pages"}],"about":[{"href":"https:\/\/www.marcosmedina.es\/index.php?rest_route=\/wp\/v2\/types\/page"}],"author":[{"embeddable":true,"href":"https:\/\/www.marcosmedina.es\/index.php?rest_route=\/wp\/v2\/users\/1"}],"replies":[{"embeddable":true,"href":"https:\/\/www.marcosmedina.es\/index.php?rest_route=%2Fwp%2Fv2%2Fcomments&post=9162"}],"version-history":[{"count":3,"href":"https:\/\/www.marcosmedina.es\/index.php?rest_route=\/wp\/v2\/pages\/9162\/revisions"}],"predecessor-version":[{"id":9192,"href":"https:\/\/www.marcosmedina.es\/index.php?rest_route=\/wp\/v2\/pages\/9162\/revisions\/9192"}],"wp:attachment":[{"href":"https:\/\/www.marcosmedina.es\/index.php?rest_route=%2Fwp%2Fv2%2Fmedia&parent=9162"}],"curies":[{"name":"wp","href":"https:\/\/api.w.org\/{rel}","templated":true}]}}