{"id":9169,"date":"2025-08-29T15:25:02","date_gmt":"2025-08-29T15:25:02","guid":{"rendered":"https:\/\/www.marcosmedina.es\/?page_id=9169"},"modified":"2025-09-13T11:37:24","modified_gmt":"2025-09-13T11:37:24","slug":"9169-2","status":"publish","type":"page","link":"https:\/\/www.marcosmedina.es\/?page_id=9169","title":{"rendered":"Exposiciones HOGAR DULCE HOGAR"},"content":{"rendered":"\n<div class=\"wp-block-group\"><div class=\"wp-block-group__inner-container is-layout-constrained wp-block-group-is-layout-constrained\">\n<p class=\"has-text-align-center\"><br><br><a href=\"http:\/\/marcosmedina.es\/?page_id=6377\">\u201cHOGAR DULCE HOGAR\u201d<\/a><br>(2021)<\/p>\n\n\n\n<div style=\"height:51px\" aria-hidden=\"true\" class=\"wp-block-spacer\"><\/div>\n\n\n\n<pre class=\"wp-block-preformatted\">A lo largo de 20 fotograf\u00edas, la obra cuestiona la manera en que el ser humano se apropia de su entorno, coloniz\u00e1ndolo visual, simb\u00f3lica y f\u00edsicamente. La caja, presente en todas las im\u00e1genes, act\u00faa como met\u00e1fora del hogar, pero no como refugio inocente, sino como instrumento de apropiaci\u00f3n y de control. En cada escena, los objetos dispuestos en su interior invaden visualmente el paisaje al que se superponen, replicando la l\u00f3gica de ocupaci\u00f3n del ser humano sobre la tierra: organizamos, fragmentamos y domesticamos nuestro entorno para hacerlo habitable seg\u00fan nuestras reglas, sin concesi\u00f3n ni reciprocidad.\n\nEn este gesto se revela tambi\u00e9n la condici\u00f3n del ser humano como ente ego\u00edsta y consumidor de recursos, incapaz de convivir sin intervenir, sin modificar, sin poseer. La caja contiene no solo objetos, sino la voluntad de dominio, la necesidad de transformar todo en extensi\u00f3n de lo propio, incluso cuando eso implique descontextualizar, reducir o destruir.\n\nPero la obra no se limita a se\u00f1alar nuestra relaci\u00f3n con lo externo. Al proponer un mismo marco visual para cada imagen, se expone tambi\u00e9n una compulsi\u00f3n interna por la simetr\u00eda, el orden y la repetici\u00f3n. Esa estructura revela el deseo de controlar no solo el mundo, sino tambi\u00e9n lo que llevamos dentro. La caja se convierte as\u00ed en met\u00e1fora de la mente, del yo. As\u00ed como delimitamos el paisaje, delimitamos tambi\u00e9n nuestra identidad; encapsulamos emociones, etiquetamos recuerdos, editamos qui\u00e9nes somos.\n\nLa serie mantiene una estructura visual precisa, construida a partir de la proporci\u00f3n \u00e1urea y una l\u00ednea constante en el primer tercio de cada imagen. Este encuadre deliberado no solo refuerza la b\u00fasqueda de orden frente al caos del entorno, sino que tambi\u00e9n genera una continuidad formal entre las obras, articulando un conjunto visualmente coherente y unificado.<\/pre>\n\n\n\n<div style=\"height:52px\" aria-hidden=\"true\" class=\"wp-block-spacer\"><\/div>\n\n\n\n<h3 class=\"wp-block-heading\">M\u00c9RIDA (BADAJOZ, ESPA\u00d1A)<\/h3>\n\n\n\n<h4 class=\"wp-block-heading\"><a href=\"http:\/\/marcosmedinafotografia.es\/wp-content\/uploads\/2022\/09\/18dcbbee-5bf2-4f78-902d-0a7f31f372d4.mov\">1- 19 SEPTIEMBRE 2022. SALA V\u00cdA DE LA PLATA. casa de la cultura SANTO DOMINGO. FUNDACI\u00d3N CAJA BADAJOZ<\/a><\/h4>\n\n\n\n<div style=\"height:100px\" aria-hidden=\"true\" class=\"wp-block-spacer\"><\/div>\n\n\n\n<figure class=\"wp-block-image size-large\"><a href=\"https:\/\/www.marcosmedina.es\/wp-content\/uploads\/2022\/09\/2e05a64c-9dc4-45f6-a271-5a9bf5407557.jpg\"><img loading=\"lazy\" decoding=\"async\" width=\"1600\" height=\"777\" src=\"https:\/\/www.marcosmedina.es\/wp-content\/uploads\/2022\/09\/2e05a64c-9dc4-45f6-a271-5a9bf5407557.jpg\" alt=\"\" class=\"wp-image-7296\" srcset=\"https:\/\/www.marcosmedina.es\/wp-content\/uploads\/2022\/09\/2e05a64c-9dc4-45f6-a271-5a9bf5407557.jpg 1600w, https:\/\/www.marcosmedina.es\/wp-content\/uploads\/2022\/09\/2e05a64c-9dc4-45f6-a271-5a9bf5407557-940x456.jpg 940w, https:\/\/www.marcosmedina.es\/wp-content\/uploads\/2022\/09\/2e05a64c-9dc4-45f6-a271-5a9bf5407557-431x209.jpg 431w, https:\/\/www.marcosmedina.es\/wp-content\/uploads\/2022\/09\/2e05a64c-9dc4-45f6-a271-5a9bf5407557-1536x746.jpg 1536w, https:\/\/www.marcosmedina.es\/wp-content\/uploads\/2022\/09\/2e05a64c-9dc4-45f6-a271-5a9bf5407557-600x291.jpg 600w, https:\/\/www.marcosmedina.es\/wp-content\/uploads\/2022\/09\/2e05a64c-9dc4-45f6-a271-5a9bf5407557-500x243.jpg 500w, https:\/\/www.marcosmedina.es\/wp-content\/uploads\/2022\/09\/2e05a64c-9dc4-45f6-a271-5a9bf5407557-1135x551.jpg 1135w, https:\/\/www.marcosmedina.es\/wp-content\/uploads\/2022\/09\/2e05a64c-9dc4-45f6-a271-5a9bf5407557-547x266.jpg 547w, https:\/\/www.marcosmedina.es\/wp-content\/uploads\/2022\/09\/2e05a64c-9dc4-45f6-a271-5a9bf5407557-290x141.jpg 290w, https:\/\/www.marcosmedina.es\/wp-content\/uploads\/2022\/09\/2e05a64c-9dc4-45f6-a271-5a9bf5407557-600x291@2x.jpg 1200w, https:\/\/www.marcosmedina.es\/wp-content\/uploads\/2022\/09\/2e05a64c-9dc4-45f6-a271-5a9bf5407557-547x266@2x.jpg 1094w, https:\/\/www.marcosmedina.es\/wp-content\/uploads\/2022\/09\/2e05a64c-9dc4-45f6-a271-5a9bf5407557-290x141@2x.jpg 580w\" sizes=\"(max-width: 799px) 94vw, (max-width: 1023px) 67vw, (max-width: 1365px) 62vw, 1037\" \/><\/a><\/figure>\n\n\n\n<div style=\"height:100px\" aria-hidden=\"true\" class=\"wp-block-spacer\"><\/div>\n\n\n\n<figure class=\"wp-block-image size-large\"><a href=\"https:\/\/www.marcosmedina.es\/wp-content\/uploads\/2022\/09\/0eec7379-cbac-466c-b26b-6960e90f63e6.jpg\"><img loading=\"lazy\" decoding=\"async\" width=\"1600\" height=\"777\" src=\"https:\/\/www.marcosmedina.es\/wp-content\/uploads\/2022\/09\/0eec7379-cbac-466c-b26b-6960e90f63e6.jpg\" alt=\"\" class=\"wp-image-7295\" srcset=\"https:\/\/www.marcosmedina.es\/wp-content\/uploads\/2022\/09\/0eec7379-cbac-466c-b26b-6960e90f63e6.jpg 1600w, https:\/\/www.marcosmedina.es\/wp-content\/uploads\/2022\/09\/0eec7379-cbac-466c-b26b-6960e90f63e6-940x456.jpg 940w, https:\/\/www.marcosmedina.es\/wp-content\/uploads\/2022\/09\/0eec7379-cbac-466c-b26b-6960e90f63e6-431x209.jpg 431w, https:\/\/www.marcosmedina.es\/wp-content\/uploads\/2022\/09\/0eec7379-cbac-466c-b26b-6960e90f63e6-1536x746.jpg 1536w, https:\/\/www.marcosmedina.es\/wp-content\/uploads\/2022\/09\/0eec7379-cbac-466c-b26b-6960e90f63e6-600x291.jpg 600w, https:\/\/www.marcosmedina.es\/wp-content\/uploads\/2022\/09\/0eec7379-cbac-466c-b26b-6960e90f63e6-500x243.jpg 500w, https:\/\/www.marcosmedina.es\/wp-content\/uploads\/2022\/09\/0eec7379-cbac-466c-b26b-6960e90f63e6-1135x551.jpg 1135w, https:\/\/www.marcosmedina.es\/wp-content\/uploads\/2022\/09\/0eec7379-cbac-466c-b26b-6960e90f63e6-547x266.jpg 547w, https:\/\/www.marcosmedina.es\/wp-content\/uploads\/2022\/09\/0eec7379-cbac-466c-b26b-6960e90f63e6-290x141.jpg 290w, https:\/\/www.marcosmedina.es\/wp-content\/uploads\/2022\/09\/0eec7379-cbac-466c-b26b-6960e90f63e6-600x291@2x.jpg 1200w, https:\/\/www.marcosmedina.es\/wp-content\/uploads\/2022\/09\/0eec7379-cbac-466c-b26b-6960e90f63e6-547x266@2x.jpg 1094w, https:\/\/www.marcosmedina.es\/wp-content\/uploads\/2022\/09\/0eec7379-cbac-466c-b26b-6960e90f63e6-290x141@2x.jpg 580w\" sizes=\"(max-width: 799px) 94vw, (max-width: 1023px) 67vw, (max-width: 1365px) 62vw, 1037\" \/><\/a><\/figure>\n\n\n\n<div style=\"height:100px\" aria-hidden=\"true\" class=\"wp-block-spacer\"><\/div>\n\n\n\n<figure class=\"wp-block-image size-large\"><a href=\"https:\/\/www.marcosmedina.es\/wp-content\/uploads\/2022\/09\/c45efba6-fe5d-4984-84b9-2a7dbc6819ee.jpg\"><img loading=\"lazy\" decoding=\"async\" width=\"1600\" height=\"777\" src=\"https:\/\/www.marcosmedina.es\/wp-content\/uploads\/2022\/09\/c45efba6-fe5d-4984-84b9-2a7dbc6819ee.jpg\" alt=\"\" class=\"wp-image-7314\" srcset=\"https:\/\/www.marcosmedina.es\/wp-content\/uploads\/2022\/09\/c45efba6-fe5d-4984-84b9-2a7dbc6819ee.jpg 1600w, https:\/\/www.marcosmedina.es\/wp-content\/uploads\/2022\/09\/c45efba6-fe5d-4984-84b9-2a7dbc6819ee-940x456.jpg 940w, https:\/\/www.marcosmedina.es\/wp-content\/uploads\/2022\/09\/c45efba6-fe5d-4984-84b9-2a7dbc6819ee-431x209.jpg 431w, https:\/\/www.marcosmedina.es\/wp-content\/uploads\/2022\/09\/c45efba6-fe5d-4984-84b9-2a7dbc6819ee-1536x746.jpg 1536w, https:\/\/www.marcosmedina.es\/wp-content\/uploads\/2022\/09\/c45efba6-fe5d-4984-84b9-2a7dbc6819ee-600x291.jpg 600w, https:\/\/www.marcosmedina.es\/wp-content\/uploads\/2022\/09\/c45efba6-fe5d-4984-84b9-2a7dbc6819ee-500x243.jpg 500w, https:\/\/www.marcosmedina.es\/wp-content\/uploads\/2022\/09\/c45efba6-fe5d-4984-84b9-2a7dbc6819ee-1135x551.jpg 1135w, https:\/\/www.marcosmedina.es\/wp-content\/uploads\/2022\/09\/c45efba6-fe5d-4984-84b9-2a7dbc6819ee-547x266.jpg 547w, https:\/\/www.marcosmedina.es\/wp-content\/uploads\/2022\/09\/c45efba6-fe5d-4984-84b9-2a7dbc6819ee-290x141.jpg 290w, https:\/\/www.marcosmedina.es\/wp-content\/uploads\/2022\/09\/c45efba6-fe5d-4984-84b9-2a7dbc6819ee-600x291@2x.jpg 1200w, https:\/\/www.marcosmedina.es\/wp-content\/uploads\/2022\/09\/c45efba6-fe5d-4984-84b9-2a7dbc6819ee-547x266@2x.jpg 1094w, https:\/\/www.marcosmedina.es\/wp-content\/uploads\/2022\/09\/c45efba6-fe5d-4984-84b9-2a7dbc6819ee-290x141@2x.jpg 580w\" sizes=\"(max-width: 799px) 94vw, (max-width: 1023px) 67vw, (max-width: 1365px) 62vw, 1037\" \/><\/a><\/figure>\n\n\n\n<div style=\"height:116px\" aria-hidden=\"true\" class=\"wp-block-spacer\"><\/div>\n\n\n\n<h2 class=\"wp-block-heading\"><a href=\"http:\/\/www.marcosmedina.es\/wp-content\/uploads\/2022\/09\/18dcbbee-5bf2-4f78-902d-0a7f31f372d4.mov\">VISTA 1 DE LA EXPOSICI\u00d3N EN SALA<\/a><\/h2>\n\n\n\n<p>Vista 2 de la Exposici\u00f3n en sala<\/p>\n\n\n\n<figure class=\"wp-block-video\"><video controls src=\"http:\/\/www.marcosmedina.es\/wp-content\/uploads\/2022\/09\/18edbe69-5215-4185-ac30-397973df08e3.mp4\"><\/video><\/figure>\n\n\n\n<div style=\"height:100px\" aria-hidden=\"true\" class=\"wp-block-spacer\"><\/div>\n\n\n\n<figure class=\"wp-block-video\"><video controls src=\"http:\/\/www.marcosmedina.es\/wp-content\/uploads\/2022\/09\/3810d5bc-b70b-466c-9c87-7e7b69e4e741.mp4\"><\/video><\/figure>\n\n\n\n<p>Vista 3 de la Exposici\u00f3n en sala<\/p>\n\n\n\n<hr class=\"wp-block-separator has-alpha-channel-opacity\"\/>\n\n\n\n<hr class=\"wp-block-separator has-alpha-channel-opacity\"\/>\n\n\n\n<pre class=\"wp-block-preformatted\"><\/pre>\n\n\n\n<div style=\"height:194px\" aria-hidden=\"true\" class=\"wp-block-spacer\"><\/div>\n<\/div><\/div>\n","protected":false},"excerpt":{"rendered":"<p>\u201cHOGAR DULCE HOGAR\u201d(2021) A lo largo de 20 fotograf\u00edas, la obra cuestiona la manera en que el ser humano se &hellip; <a href=\"https:\/\/www.marcosmedina.es\/?page_id=9169\" class=\"more-link\"><span class=\"more-button\">Continue reading &gt;<span class=\"screen-reader-text\">Exposiciones HOGAR DULCE HOGAR<\/span><\/span><\/a><\/p>\n","protected":false},"author":1,"featured_media":0,"parent":0,"menu_order":0,"comment_status":"closed","ping_status":"closed","template":"","meta":{"footnotes":""},"class_list":["post-9169","page","type-page","status-publish","hentry"],"acf":[],"_links":{"self":[{"href":"https:\/\/www.marcosmedina.es\/index.php?rest_route=\/wp\/v2\/pages\/9169"}],"collection":[{"href":"https:\/\/www.marcosmedina.es\/index.php?rest_route=\/wp\/v2\/pages"}],"about":[{"href":"https:\/\/www.marcosmedina.es\/index.php?rest_route=\/wp\/v2\/types\/page"}],"author":[{"embeddable":true,"href":"https:\/\/www.marcosmedina.es\/index.php?rest_route=\/wp\/v2\/users\/1"}],"replies":[{"embeddable":true,"href":"https:\/\/www.marcosmedina.es\/index.php?rest_route=%2Fwp%2Fv2%2Fcomments&post=9169"}],"version-history":[{"count":4,"href":"https:\/\/www.marcosmedina.es\/index.php?rest_route=\/wp\/v2\/pages\/9169\/revisions"}],"predecessor-version":[{"id":9211,"href":"https:\/\/www.marcosmedina.es\/index.php?rest_route=\/wp\/v2\/pages\/9169\/revisions\/9211"}],"wp:attachment":[{"href":"https:\/\/www.marcosmedina.es\/index.php?rest_route=%2Fwp%2Fv2%2Fmedia&parent=9169"}],"curies":[{"name":"wp","href":"https:\/\/api.w.org\/{rel}","templated":true}]}}