{"id":9175,"date":"2025-08-29T15:27:27","date_gmt":"2025-08-29T15:27:27","guid":{"rendered":"https:\/\/www.marcosmedina.es\/?page_id=9175"},"modified":"2025-08-29T15:32:13","modified_gmt":"2025-08-29T15:32:13","slug":"9175-2","status":"publish","type":"page","link":"https:\/\/www.marcosmedina.es\/?page_id=9175","title":{"rendered":"Exposiciones COCKTAIL"},"content":{"rendered":"\n<div class=\"wp-block-group\"><div class=\"wp-block-group__inner-container is-layout-constrained wp-block-group-is-layout-constrained\">\n<p class=\"has-text-align-center\"><a href=\"https:\/\/www.marcosmedina.es\/?page_id=4486\">\u201cCOCKTAIL\u00bb <\/a><\/p>\n\n\n\n<p class=\"has-text-align-center\">(2021<a href=\"http:\/\/marcosmedina.es\/?page_id=6377\">) <\/a>Exposici\u00f3n<\/p>\n\n\n\n<div style=\"height:100px\" aria-hidden=\"true\" class=\"wp-block-spacer\"><\/div>\n\n\n<div class=\"wp-block-image\">\n<figure class=\"aligncenter size-full\"><img loading=\"lazy\" decoding=\"async\" width=\"1200\" height=\"900\" src=\"http:\/\/www.marcosmedina.es\/wp-content\/uploads\/2019\/04\/Portada\u00e7-3.jpg\" alt=\"\" class=\"wp-image-4549\" srcset=\"https:\/\/www.marcosmedina.es\/wp-content\/uploads\/2019\/04\/Portada\u00e7-3-600x450@2x.jpg 1200w, https:\/\/www.marcosmedina.es\/wp-content\/uploads\/2019\/04\/Portada\u00e7-3-431x323.jpg 431w, https:\/\/www.marcosmedina.es\/wp-content\/uploads\/2019\/04\/Portada\u00e7-3-940x705.jpg 940w, https:\/\/www.marcosmedina.es\/wp-content\/uploads\/2019\/04\/Portada\u00e7-3-600x450.jpg 600w, https:\/\/www.marcosmedina.es\/wp-content\/uploads\/2019\/04\/Portada\u00e7-3-500x375.jpg 500w, https:\/\/www.marcosmedina.es\/wp-content\/uploads\/2019\/04\/Portada\u00e7-3-1135x851.jpg 1135w, https:\/\/www.marcosmedina.es\/wp-content\/uploads\/2019\/04\/Portada\u00e7-3-547x410.jpg 547w, https:\/\/www.marcosmedina.es\/wp-content\/uploads\/2019\/04\/Portada\u00e7-3-290x218.jpg 290w, https:\/\/www.marcosmedina.es\/wp-content\/uploads\/2019\/04\/Portada\u00e7-3-547x410@2x.jpg 1094w, https:\/\/www.marcosmedina.es\/wp-content\/uploads\/2019\/04\/Portada\u00e7-3-290x218@2x.jpg 580w\" sizes=\"(max-width: 799px) 94vw, (max-width: 1023px) 67vw, (max-width: 1365px) 62vw, 1037\" \/><\/figure><\/div>\n\n\n<div style=\"height:114px\" aria-hidden=\"true\" class=\"wp-block-spacer\"><\/div>\n\n\n\n<pre class=\"wp-block-preformatted\">COCKTAIL Es un concepto minimalista de recuerdos que viaja en mi memoria cuando pienso en lugares, formas y objetos que han estado y est\u00e1n en mi vida.&nbsp;Me abstraigo de las formas y del volumen sintetizando todo en l\u00edneas y colores, formalizando una m\u00ednima expresi\u00f3n en la imagen.A\u00f1ado objetos y formas org\u00e1nicas de manera visceral sobre esos colores y formas para reafirmar el momento justo de esos recuerdos.&nbsp; El procedimiento de captaci\u00f3n es puro, artesanal y sin uso de postproducci\u00f3n.&nbsp;Se utiliza capas de texturas diferentes dispuestas para lograr formas reconocibles.&nbsp;La doble perspectiva es consecuencia de convertir el \u00e1ngulo recto en llano.<br><\/pre>\n\n\n\n<div style=\"height:100px\" aria-hidden=\"true\" class=\"wp-block-spacer\"><\/div>\n\n\n\n<h3 class=\"wp-block-heading\">SEVILLA (ESPA\u00d1A)<\/h3>\n\n\n\n<h5 class=\"wp-block-heading\" style=\"font-size:0.7vw\">2 Abril &#8211; 1 Junio 2019 Librer\u00eda Verbo e Imagen \/Wonder Photo Shop Mart\u00edn Iglesias<\/h5>\n\n\n\n<div style=\"height:100px\" aria-hidden=\"true\" class=\"wp-block-spacer\"><\/div>\n\n\n\n<figure class=\"wp-block-image size-large\"><a href=\"https:\/\/www.marcosmedina.es\/wp-content\/uploads\/2019\/06\/Sevilla-Verbo.jpg\"><img loading=\"lazy\" decoding=\"async\" width=\"1500\" height=\"1125\" src=\"https:\/\/www.marcosmedina.es\/wp-content\/uploads\/2019\/06\/Sevilla-Verbo.jpg\" alt=\"\" class=\"wp-image-4605\" srcset=\"https:\/\/www.marcosmedina.es\/wp-content\/uploads\/2019\/06\/Sevilla-Verbo.jpg 1500w, https:\/\/www.marcosmedina.es\/wp-content\/uploads\/2019\/06\/Sevilla-Verbo-431x323.jpg 431w, https:\/\/www.marcosmedina.es\/wp-content\/uploads\/2019\/06\/Sevilla-Verbo-940x705.jpg 940w, https:\/\/www.marcosmedina.es\/wp-content\/uploads\/2019\/06\/Sevilla-Verbo-600x450.jpg 600w, https:\/\/www.marcosmedina.es\/wp-content\/uploads\/2019\/06\/Sevilla-Verbo-500x375.jpg 500w, https:\/\/www.marcosmedina.es\/wp-content\/uploads\/2019\/06\/Sevilla-Verbo-1135x851.jpg 1135w, https:\/\/www.marcosmedina.es\/wp-content\/uploads\/2019\/06\/Sevilla-Verbo-547x410.jpg 547w, https:\/\/www.marcosmedina.es\/wp-content\/uploads\/2019\/06\/Sevilla-Verbo-290x218.jpg 290w, https:\/\/www.marcosmedina.es\/wp-content\/uploads\/2019\/06\/Sevilla-Verbo-600x450@2x.jpg 1200w, https:\/\/www.marcosmedina.es\/wp-content\/uploads\/2019\/06\/Sevilla-Verbo-547x410@2x.jpg 1094w, https:\/\/www.marcosmedina.es\/wp-content\/uploads\/2019\/06\/Sevilla-Verbo-290x218@2x.jpg 580w\" sizes=\"(max-width: 799px) 94vw, (max-width: 1023px) 67vw, (max-width: 1365px) 62vw, 1037\" \/><\/a><\/figure>\n\n\n\n<div style=\"height:74px\" aria-hidden=\"true\" class=\"wp-block-spacer\"><\/div>\n\n\n\n<h3 class=\"wp-block-heading\">CAMPO MAIOR (PORTUGAL)<\/h3>\n\n\n\n<h5 class=\"wp-block-heading\">9 &#8211; 30 Junio 2019 CENTRO CULTURAL<\/h5>\n\n\n\n<div style=\"height:70px\" aria-hidden=\"true\" class=\"wp-block-spacer\"><\/div>\n\n\n\n<figure class=\"wp-block-image size-large\"><a href=\"https:\/\/www.marcosmedina.es\/wp-content\/uploads\/2019\/06\/COCKTAIL-Marcos-Medina-Photography-Campomaior-01.jpg\"><img loading=\"lazy\" decoding=\"async\" width=\"1920\" height=\"1234\" src=\"https:\/\/www.marcosmedina.es\/wp-content\/uploads\/2019\/06\/COCKTAIL-Marcos-Medina-Photography-Campomaior-01-1920x1234.jpg\" alt=\"\" class=\"wp-image-4598\" srcset=\"https:\/\/www.marcosmedina.es\/wp-content\/uploads\/2019\/06\/COCKTAIL-Marcos-Medina-Photography-Campomaior-01-1920x1234.jpg 1920w, https:\/\/www.marcosmedina.es\/wp-content\/uploads\/2019\/06\/COCKTAIL-Marcos-Medina-Photography-Campomaior-01-431x277.jpg 431w, https:\/\/www.marcosmedina.es\/wp-content\/uploads\/2019\/06\/COCKTAIL-Marcos-Medina-Photography-Campomaior-01-940x604.jpg 940w, https:\/\/www.marcosmedina.es\/wp-content\/uploads\/2019\/06\/COCKTAIL-Marcos-Medina-Photography-Campomaior-01-600x386.jpg 600w, https:\/\/www.marcosmedina.es\/wp-content\/uploads\/2019\/06\/COCKTAIL-Marcos-Medina-Photography-Campomaior-01-500x321.jpg 500w, https:\/\/www.marcosmedina.es\/wp-content\/uploads\/2019\/06\/COCKTAIL-Marcos-Medina-Photography-Campomaior-01-1135x730.jpg 1135w, https:\/\/www.marcosmedina.es\/wp-content\/uploads\/2019\/06\/COCKTAIL-Marcos-Medina-Photography-Campomaior-01-547x352.jpg 547w, https:\/\/www.marcosmedina.es\/wp-content\/uploads\/2019\/06\/COCKTAIL-Marcos-Medina-Photography-Campomaior-01-290x186.jpg 290w, https:\/\/www.marcosmedina.es\/wp-content\/uploads\/2019\/06\/COCKTAIL-Marcos-Medina-Photography-Campomaior-01.jpg 1971w, https:\/\/www.marcosmedina.es\/wp-content\/uploads\/2019\/06\/COCKTAIL-Marcos-Medina-Photography-Campomaior-01-600x386@2x.jpg 1200w, https:\/\/www.marcosmedina.es\/wp-content\/uploads\/2019\/06\/COCKTAIL-Marcos-Medina-Photography-Campomaior-01-547x352@2x.jpg 1094w, https:\/\/www.marcosmedina.es\/wp-content\/uploads\/2019\/06\/COCKTAIL-Marcos-Medina-Photography-Campomaior-01-290x186@2x.jpg 580w\" sizes=\"(max-width: 799px) 94vw, (max-width: 1023px) 67vw, (max-width: 1365px) 62vw, 1037\" \/><\/a><\/figure>\n\n\n\n<div style=\"height:100px\" aria-hidden=\"true\" class=\"wp-block-spacer\"><\/div>\n\n\n\n<figure class=\"wp-block-image size-large\"><a href=\"https:\/\/www.marcosmedina.es\/wp-content\/uploads\/2019\/06\/COCKTAIL-Marcos-Medina-Photography-Campomaior-02.jpg\"><img loading=\"lazy\" decoding=\"async\" width=\"1920\" height=\"1282\" src=\"https:\/\/www.marcosmedina.es\/wp-content\/uploads\/2019\/06\/COCKTAIL-Marcos-Medina-Photography-Campomaior-02-1920x1282.jpg\" alt=\"\" class=\"wp-image-4602\" srcset=\"https:\/\/www.marcosmedina.es\/wp-content\/uploads\/2019\/06\/COCKTAIL-Marcos-Medina-Photography-Campomaior-02-1920x1282.jpg 1920w, https:\/\/www.marcosmedina.es\/wp-content\/uploads\/2019\/06\/COCKTAIL-Marcos-Medina-Photography-Campomaior-02-431x288.jpg 431w, https:\/\/www.marcosmedina.es\/wp-content\/uploads\/2019\/06\/COCKTAIL-Marcos-Medina-Photography-Campomaior-02-940x628.jpg 940w, https:\/\/www.marcosmedina.es\/wp-content\/uploads\/2019\/06\/COCKTAIL-Marcos-Medina-Photography-Campomaior-02-600x401.jpg 600w, https:\/\/www.marcosmedina.es\/wp-content\/uploads\/2019\/06\/COCKTAIL-Marcos-Medina-Photography-Campomaior-02-500x334.jpg 500w, https:\/\/www.marcosmedina.es\/wp-content\/uploads\/2019\/06\/COCKTAIL-Marcos-Medina-Photography-Campomaior-02-1135x758.jpg 1135w, https:\/\/www.marcosmedina.es\/wp-content\/uploads\/2019\/06\/COCKTAIL-Marcos-Medina-Photography-Campomaior-02-547x365.jpg 547w, https:\/\/www.marcosmedina.es\/wp-content\/uploads\/2019\/06\/COCKTAIL-Marcos-Medina-Photography-Campomaior-02-290x194.jpg 290w, https:\/\/www.marcosmedina.es\/wp-content\/uploads\/2019\/06\/COCKTAIL-Marcos-Medina-Photography-Campomaior-02.jpg 1935w, https:\/\/www.marcosmedina.es\/wp-content\/uploads\/2019\/06\/COCKTAIL-Marcos-Medina-Photography-Campomaior-02-600x401@2x.jpg 1200w, https:\/\/www.marcosmedina.es\/wp-content\/uploads\/2019\/06\/COCKTAIL-Marcos-Medina-Photography-Campomaior-02-547x365@2x.jpg 1094w, https:\/\/www.marcosmedina.es\/wp-content\/uploads\/2019\/06\/COCKTAIL-Marcos-Medina-Photography-Campomaior-02-290x194@2x.jpg 580w\" sizes=\"(max-width: 799px) 94vw, (max-width: 1023px) 67vw, (max-width: 1365px) 62vw, 1037\" \/><\/a><\/figure>\n\n\n\n<div style=\"height:100px\" aria-hidden=\"true\" class=\"wp-block-spacer\"><\/div>\n\n\n\n<figure class=\"wp-block-image size-large\"><a href=\"https:\/\/www.marcosmedina.es\/wp-content\/uploads\/2019\/06\/COCKTAIL-Marcos-Medina-Photography-Campomaior-07.jpg\"><img loading=\"lazy\" decoding=\"async\" width=\"1920\" height=\"1258\" src=\"https:\/\/www.marcosmedina.es\/wp-content\/uploads\/2019\/06\/COCKTAIL-Marcos-Medina-Photography-Campomaior-07-1920x1258.jpg\" alt=\"\" class=\"wp-image-4600\" srcset=\"https:\/\/www.marcosmedina.es\/wp-content\/uploads\/2019\/06\/COCKTAIL-Marcos-Medina-Photography-Campomaior-07-1920x1258.jpg 1920w, https:\/\/www.marcosmedina.es\/wp-content\/uploads\/2019\/06\/COCKTAIL-Marcos-Medina-Photography-Campomaior-07-431x282.jpg 431w, https:\/\/www.marcosmedina.es\/wp-content\/uploads\/2019\/06\/COCKTAIL-Marcos-Medina-Photography-Campomaior-07-940x616.jpg 940w, https:\/\/www.marcosmedina.es\/wp-content\/uploads\/2019\/06\/COCKTAIL-Marcos-Medina-Photography-Campomaior-07-600x393.jpg 600w, https:\/\/www.marcosmedina.es\/wp-content\/uploads\/2019\/06\/COCKTAIL-Marcos-Medina-Photography-Campomaior-07-500x328.jpg 500w, https:\/\/www.marcosmedina.es\/wp-content\/uploads\/2019\/06\/COCKTAIL-Marcos-Medina-Photography-Campomaior-07-1135x744.jpg 1135w, https:\/\/www.marcosmedina.es\/wp-content\/uploads\/2019\/06\/COCKTAIL-Marcos-Medina-Photography-Campomaior-07-547x359.jpg 547w, https:\/\/www.marcosmedina.es\/wp-content\/uploads\/2019\/06\/COCKTAIL-Marcos-Medina-Photography-Campomaior-07-290x190.jpg 290w, https:\/\/www.marcosmedina.es\/wp-content\/uploads\/2019\/06\/COCKTAIL-Marcos-Medina-Photography-Campomaior-07.jpg 1953w, https:\/\/www.marcosmedina.es\/wp-content\/uploads\/2019\/06\/COCKTAIL-Marcos-Medina-Photography-Campomaior-07-600x393@2x.jpg 1200w, https:\/\/www.marcosmedina.es\/wp-content\/uploads\/2019\/06\/COCKTAIL-Marcos-Medina-Photography-Campomaior-07-547x359@2x.jpg 1094w, https:\/\/www.marcosmedina.es\/wp-content\/uploads\/2019\/06\/COCKTAIL-Marcos-Medina-Photography-Campomaior-07-290x190@2x.jpg 580w\" sizes=\"(max-width: 799px) 94vw, (max-width: 1023px) 67vw, (max-width: 1365px) 62vw, 1037\" \/><\/a><\/figure>\n\n\n\n<div style=\"height:100px\" aria-hidden=\"true\" class=\"wp-block-spacer\"><\/div>\n\n\n\n<figure class=\"wp-block-image size-large\"><a href=\"https:\/\/www.marcosmedina.es\/wp-content\/uploads\/2019\/06\/COCKTAIL-Marcos-Medina-Photography-Campomaior-08.jpg\"><img loading=\"lazy\" decoding=\"async\" width=\"1500\" height=\"1125\" src=\"https:\/\/www.marcosmedina.es\/wp-content\/uploads\/2019\/06\/COCKTAIL-Marcos-Medina-Photography-Campomaior-08.jpg\" alt=\"\" class=\"wp-image-4601\" srcset=\"https:\/\/www.marcosmedina.es\/wp-content\/uploads\/2019\/06\/COCKTAIL-Marcos-Medina-Photography-Campomaior-08.jpg 1500w, https:\/\/www.marcosmedina.es\/wp-content\/uploads\/2019\/06\/COCKTAIL-Marcos-Medina-Photography-Campomaior-08-431x323.jpg 431w, https:\/\/www.marcosmedina.es\/wp-content\/uploads\/2019\/06\/COCKTAIL-Marcos-Medina-Photography-Campomaior-08-940x705.jpg 940w, https:\/\/www.marcosmedina.es\/wp-content\/uploads\/2019\/06\/COCKTAIL-Marcos-Medina-Photography-Campomaior-08-600x450.jpg 600w, https:\/\/www.marcosmedina.es\/wp-content\/uploads\/2019\/06\/COCKTAIL-Marcos-Medina-Photography-Campomaior-08-500x375.jpg 500w, https:\/\/www.marcosmedina.es\/wp-content\/uploads\/2019\/06\/COCKTAIL-Marcos-Medina-Photography-Campomaior-08-1135x851.jpg 1135w, https:\/\/www.marcosmedina.es\/wp-content\/uploads\/2019\/06\/COCKTAIL-Marcos-Medina-Photography-Campomaior-08-547x410.jpg 547w, https:\/\/www.marcosmedina.es\/wp-content\/uploads\/2019\/06\/COCKTAIL-Marcos-Medina-Photography-Campomaior-08-290x218.jpg 290w, https:\/\/www.marcosmedina.es\/wp-content\/uploads\/2019\/06\/COCKTAIL-Marcos-Medina-Photography-Campomaior-08-600x450@2x.jpg 1200w, https:\/\/www.marcosmedina.es\/wp-content\/uploads\/2019\/06\/COCKTAIL-Marcos-Medina-Photography-Campomaior-08-547x410@2x.jpg 1094w, https:\/\/www.marcosmedina.es\/wp-content\/uploads\/2019\/06\/COCKTAIL-Marcos-Medina-Photography-Campomaior-08-290x218@2x.jpg 580w\" sizes=\"(max-width: 799px) 94vw, (max-width: 1023px) 67vw, (max-width: 1365px) 62vw, 1037\" \/><\/a><\/figure>\n\n\n\n<div style=\"height:100px\" aria-hidden=\"true\" class=\"wp-block-spacer\"><\/div>\n\n\n\n<figure class=\"wp-block-image size-large\"><a href=\"https:\/\/www.marcosmedina.es\/wp-content\/uploads\/2019\/06\/COCKTAIL-Marcos-Medina-Photography-Campomaior-12.jpg\"><img loading=\"lazy\" decoding=\"async\" width=\"1920\" height=\"868\" src=\"https:\/\/www.marcosmedina.es\/wp-content\/uploads\/2019\/06\/COCKTAIL-Marcos-Medina-Photography-Campomaior-12-1920x868.jpg\" alt=\"\" class=\"wp-image-4599\" srcset=\"https:\/\/www.marcosmedina.es\/wp-content\/uploads\/2019\/06\/COCKTAIL-Marcos-Medina-Photography-Campomaior-12-1920x868.jpg 1920w, https:\/\/www.marcosmedina.es\/wp-content\/uploads\/2019\/06\/COCKTAIL-Marcos-Medina-Photography-Campomaior-12-431x195.jpg 431w, https:\/\/www.marcosmedina.es\/wp-content\/uploads\/2019\/06\/COCKTAIL-Marcos-Medina-Photography-Campomaior-12-940x425.jpg 940w, https:\/\/www.marcosmedina.es\/wp-content\/uploads\/2019\/06\/COCKTAIL-Marcos-Medina-Photography-Campomaior-12-600x271.jpg 600w, https:\/\/www.marcosmedina.es\/wp-content\/uploads\/2019\/06\/COCKTAIL-Marcos-Medina-Photography-Campomaior-12-500x226.jpg 500w, https:\/\/www.marcosmedina.es\/wp-content\/uploads\/2019\/06\/COCKTAIL-Marcos-Medina-Photography-Campomaior-12-1135x513.jpg 1135w, https:\/\/www.marcosmedina.es\/wp-content\/uploads\/2019\/06\/COCKTAIL-Marcos-Medina-Photography-Campomaior-12-547x247.jpg 547w, https:\/\/www.marcosmedina.es\/wp-content\/uploads\/2019\/06\/COCKTAIL-Marcos-Medina-Photography-Campomaior-12-290x131.jpg 290w, https:\/\/www.marcosmedina.es\/wp-content\/uploads\/2019\/06\/COCKTAIL-Marcos-Medina-Photography-Campomaior-12.jpg 2024w, https:\/\/www.marcosmedina.es\/wp-content\/uploads\/2019\/06\/COCKTAIL-Marcos-Medina-Photography-Campomaior-12-600x271@2x.jpg 1200w, https:\/\/www.marcosmedina.es\/wp-content\/uploads\/2019\/06\/COCKTAIL-Marcos-Medina-Photography-Campomaior-12-547x247@2x.jpg 1094w, https:\/\/www.marcosmedina.es\/wp-content\/uploads\/2019\/06\/COCKTAIL-Marcos-Medina-Photography-Campomaior-12-290x131@2x.jpg 580w\" sizes=\"(max-width: 799px) 94vw, (max-width: 1023px) 67vw, (max-width: 1365px) 62vw, 1037\" \/><\/a><\/figure>\n\n\n\n<div style=\"height:100px\" aria-hidden=\"true\" class=\"wp-block-spacer\"><\/div>\n\n\n\n<figure class=\"wp-block-image size-large\"><a href=\"https:\/\/www.marcosmedina.es\/wp-content\/uploads\/2019\/06\/Expo-Marcos.jpg\"><img loading=\"lazy\" decoding=\"async\" width=\"1500\" height=\"1039\" src=\"https:\/\/www.marcosmedina.es\/wp-content\/uploads\/2019\/06\/Expo-Marcos.jpg\" alt=\"\" class=\"wp-image-4603\" srcset=\"https:\/\/www.marcosmedina.es\/wp-content\/uploads\/2019\/06\/Expo-Marcos.jpg 1500w, https:\/\/www.marcosmedina.es\/wp-content\/uploads\/2019\/06\/Expo-Marcos-431x299.jpg 431w, https:\/\/www.marcosmedina.es\/wp-content\/uploads\/2019\/06\/Expo-Marcos-940x651.jpg 940w, https:\/\/www.marcosmedina.es\/wp-content\/uploads\/2019\/06\/Expo-Marcos-600x416.jpg 600w, https:\/\/www.marcosmedina.es\/wp-content\/uploads\/2019\/06\/Expo-Marcos-500x346.jpg 500w, https:\/\/www.marcosmedina.es\/wp-content\/uploads\/2019\/06\/Expo-Marcos-1135x786.jpg 1135w, https:\/\/www.marcosmedina.es\/wp-content\/uploads\/2019\/06\/Expo-Marcos-547x379.jpg 547w, https:\/\/www.marcosmedina.es\/wp-content\/uploads\/2019\/06\/Expo-Marcos-290x201.jpg 290w, https:\/\/www.marcosmedina.es\/wp-content\/uploads\/2019\/06\/Expo-Marcos-600x416@2x.jpg 1200w, https:\/\/www.marcosmedina.es\/wp-content\/uploads\/2019\/06\/Expo-Marcos-547x379@2x.jpg 1094w, https:\/\/www.marcosmedina.es\/wp-content\/uploads\/2019\/06\/Expo-Marcos-290x201@2x.jpg 580w\" sizes=\"(max-width: 799px) 94vw, (max-width: 1023px) 67vw, (max-width: 1365px) 62vw, 1037\" \/><\/a><\/figure>\n\n\n\n<div style=\"height:173px\" aria-hidden=\"true\" class=\"wp-block-spacer\"><\/div>\n\n\n\n<h3 class=\"wp-block-heading\">C\u00c1DIZ (ESPA\u00d1A)<\/h3>\n\n\n\n<h5 class=\"wp-block-heading\">8 &#8211; 31 OCTUBRE 2019 SALA EXPOSICIONES CANAL SuR RADIo Y TELEVisi\u00d3N<\/h5>\n\n\n\n<div style=\"height:100px\" aria-hidden=\"true\" class=\"wp-block-spacer\"><\/div>\n\n\n\n<p><a href=\"http:\/\/marcosmedinafotografia.es\/wp-content\/uploads\/2019\/11\/Cocktail-en-canal-sur-Cadiz.mov\">VISTA GENERAL DE LA EXPOSICI\u00d3N<\/a><\/p>\n\n\n\n<div style=\"height:100px\" aria-hidden=\"true\" class=\"wp-block-spacer\"><\/div>\n\n\n\n<figure class=\"wp-block-image size-large is-resized\"><img loading=\"lazy\" decoding=\"async\" width=\"1000\" height=\"750\" src=\"https:\/\/www.marcosmedina.es\/wp-content\/uploads\/2019\/10\/CARTEL-Cocktail-RTVA-web.jpg\" alt=\"\" class=\"wp-image-4846\" style=\"width:1450px;height:auto\" srcset=\"https:\/\/www.marcosmedina.es\/wp-content\/uploads\/2019\/10\/CARTEL-Cocktail-RTVA-web.jpg 1000w, https:\/\/www.marcosmedina.es\/wp-content\/uploads\/2019\/10\/CARTEL-Cocktail-RTVA-web-431x323.jpg 431w, https:\/\/www.marcosmedina.es\/wp-content\/uploads\/2019\/10\/CARTEL-Cocktail-RTVA-web-940x705.jpg 940w, https:\/\/www.marcosmedina.es\/wp-content\/uploads\/2019\/10\/CARTEL-Cocktail-RTVA-web-600x450.jpg 600w, https:\/\/www.marcosmedina.es\/wp-content\/uploads\/2019\/10\/CARTEL-Cocktail-RTVA-web-500x375.jpg 500w, https:\/\/www.marcosmedina.es\/wp-content\/uploads\/2019\/10\/CARTEL-Cocktail-RTVA-web-547x410.jpg 547w, https:\/\/www.marcosmedina.es\/wp-content\/uploads\/2019\/10\/CARTEL-Cocktail-RTVA-web-290x218.jpg 290w, https:\/\/www.marcosmedina.es\/wp-content\/uploads\/2019\/10\/CARTEL-Cocktail-RTVA-web-290x218@2x.jpg 580w\" sizes=\"(max-width: 799px) 94vw, (max-width: 1023px) 67vw, (max-width: 1365px) 62vw, 1037\" \/><\/figure>\n\n\n\n<div style=\"height:100px\" aria-hidden=\"true\" class=\"wp-block-spacer\"><\/div>\n\n\n\n<figure class=\"wp-block-image size-large\"><img loading=\"lazy\" decoding=\"async\" width=\"1500\" height=\"1125\" src=\"https:\/\/www.marcosmedina.es\/wp-content\/uploads\/2019\/11\/Inauguracion-Cadiz-2019-4.jpg\" alt=\"\" class=\"wp-image-4876\" srcset=\"https:\/\/www.marcosmedina.es\/wp-content\/uploads\/2019\/11\/Inauguracion-Cadiz-2019-4.jpg 1500w, https:\/\/www.marcosmedina.es\/wp-content\/uploads\/2019\/11\/Inauguracion-Cadiz-2019-4-431x323.jpg 431w, https:\/\/www.marcosmedina.es\/wp-content\/uploads\/2019\/11\/Inauguracion-Cadiz-2019-4-940x705.jpg 940w, https:\/\/www.marcosmedina.es\/wp-content\/uploads\/2019\/11\/Inauguracion-Cadiz-2019-4-600x450.jpg 600w, https:\/\/www.marcosmedina.es\/wp-content\/uploads\/2019\/11\/Inauguracion-Cadiz-2019-4-500x375.jpg 500w, https:\/\/www.marcosmedina.es\/wp-content\/uploads\/2019\/11\/Inauguracion-Cadiz-2019-4-1135x851.jpg 1135w, https:\/\/www.marcosmedina.es\/wp-content\/uploads\/2019\/11\/Inauguracion-Cadiz-2019-4-547x410.jpg 547w, https:\/\/www.marcosmedina.es\/wp-content\/uploads\/2019\/11\/Inauguracion-Cadiz-2019-4-290x218.jpg 290w, https:\/\/www.marcosmedina.es\/wp-content\/uploads\/2019\/11\/Inauguracion-Cadiz-2019-4-600x450@2x.jpg 1200w, https:\/\/www.marcosmedina.es\/wp-content\/uploads\/2019\/11\/Inauguracion-Cadiz-2019-4-547x410@2x.jpg 1094w, https:\/\/www.marcosmedina.es\/wp-content\/uploads\/2019\/11\/Inauguracion-Cadiz-2019-4-290x218@2x.jpg 580w\" sizes=\"(max-width: 799px) 94vw, (max-width: 1023px) 67vw, (max-width: 1365px) 62vw, 1037\" \/><\/figure>\n\n\n\n<div style=\"height:100px\" aria-hidden=\"true\" class=\"wp-block-spacer\"><\/div>\n\n\n\n<figure class=\"wp-block-image size-large\"><img loading=\"lazy\" decoding=\"async\" width=\"1500\" height=\"1125\" src=\"https:\/\/www.marcosmedina.es\/wp-content\/uploads\/2019\/11\/Inauguracion-Cadiz-2019-5.jpg\" alt=\"\" class=\"wp-image-4878\" srcset=\"https:\/\/www.marcosmedina.es\/wp-content\/uploads\/2019\/11\/Inauguracion-Cadiz-2019-5.jpg 1500w, https:\/\/www.marcosmedina.es\/wp-content\/uploads\/2019\/11\/Inauguracion-Cadiz-2019-5-431x323.jpg 431w, https:\/\/www.marcosmedina.es\/wp-content\/uploads\/2019\/11\/Inauguracion-Cadiz-2019-5-940x705.jpg 940w, https:\/\/www.marcosmedina.es\/wp-content\/uploads\/2019\/11\/Inauguracion-Cadiz-2019-5-600x450.jpg 600w, https:\/\/www.marcosmedina.es\/wp-content\/uploads\/2019\/11\/Inauguracion-Cadiz-2019-5-500x375.jpg 500w, https:\/\/www.marcosmedina.es\/wp-content\/uploads\/2019\/11\/Inauguracion-Cadiz-2019-5-1135x851.jpg 1135w, https:\/\/www.marcosmedina.es\/wp-content\/uploads\/2019\/11\/Inauguracion-Cadiz-2019-5-547x410.jpg 547w, https:\/\/www.marcosmedina.es\/wp-content\/uploads\/2019\/11\/Inauguracion-Cadiz-2019-5-290x218.jpg 290w, https:\/\/www.marcosmedina.es\/wp-content\/uploads\/2019\/11\/Inauguracion-Cadiz-2019-5-600x450@2x.jpg 1200w, https:\/\/www.marcosmedina.es\/wp-content\/uploads\/2019\/11\/Inauguracion-Cadiz-2019-5-547x410@2x.jpg 1094w, https:\/\/www.marcosmedina.es\/wp-content\/uploads\/2019\/11\/Inauguracion-Cadiz-2019-5-290x218@2x.jpg 580w\" sizes=\"(max-width: 799px) 94vw, (max-width: 1023px) 67vw, (max-width: 1365px) 62vw, 1037\" \/><\/figure>\n\n\n\n<div style=\"height:100px\" aria-hidden=\"true\" class=\"wp-block-spacer\"><\/div>\n\n\n\n<figure class=\"wp-block-image size-large\"><img loading=\"lazy\" decoding=\"async\" width=\"1500\" height=\"1001\" src=\"https:\/\/www.marcosmedina.es\/wp-content\/uploads\/2019\/11\/Inauguracion-Cadiz-2019-3.jpg\" alt=\"\" class=\"wp-image-4880\" srcset=\"https:\/\/www.marcosmedina.es\/wp-content\/uploads\/2019\/11\/Inauguracion-Cadiz-2019-3.jpg 1500w, https:\/\/www.marcosmedina.es\/wp-content\/uploads\/2019\/11\/Inauguracion-Cadiz-2019-3-431x288.jpg 431w, https:\/\/www.marcosmedina.es\/wp-content\/uploads\/2019\/11\/Inauguracion-Cadiz-2019-3-940x627.jpg 940w, https:\/\/www.marcosmedina.es\/wp-content\/uploads\/2019\/11\/Inauguracion-Cadiz-2019-3-600x400.jpg 600w, https:\/\/www.marcosmedina.es\/wp-content\/uploads\/2019\/11\/Inauguracion-Cadiz-2019-3-500x334.jpg 500w, https:\/\/www.marcosmedina.es\/wp-content\/uploads\/2019\/11\/Inauguracion-Cadiz-2019-3-1135x757.jpg 1135w, https:\/\/www.marcosmedina.es\/wp-content\/uploads\/2019\/11\/Inauguracion-Cadiz-2019-3-547x365.jpg 547w, https:\/\/www.marcosmedina.es\/wp-content\/uploads\/2019\/11\/Inauguracion-Cadiz-2019-3-290x194.jpg 290w, https:\/\/www.marcosmedina.es\/wp-content\/uploads\/2019\/11\/Inauguracion-Cadiz-2019-3-600x400@2x.jpg 1200w, https:\/\/www.marcosmedina.es\/wp-content\/uploads\/2019\/11\/Inauguracion-Cadiz-2019-3-547x365@2x.jpg 1094w, https:\/\/www.marcosmedina.es\/wp-content\/uploads\/2019\/11\/Inauguracion-Cadiz-2019-3-290x194@2x.jpg 580w\" sizes=\"(max-width: 799px) 94vw, (max-width: 1023px) 67vw, (max-width: 1365px) 62vw, 1037\" \/><\/figure>\n\n\n\n<div style=\"height:100px\" aria-hidden=\"true\" class=\"wp-block-spacer\"><\/div>\n\n\n\n<figure class=\"wp-block-image size-large\"><img loading=\"lazy\" decoding=\"async\" width=\"1500\" height=\"1001\" src=\"https:\/\/www.marcosmedina.es\/wp-content\/uploads\/2019\/11\/Inauguracion-Cadiz-2019-1.jpg\" alt=\"\" class=\"wp-image-4881\" srcset=\"https:\/\/www.marcosmedina.es\/wp-content\/uploads\/2019\/11\/Inauguracion-Cadiz-2019-1.jpg 1500w, https:\/\/www.marcosmedina.es\/wp-content\/uploads\/2019\/11\/Inauguracion-Cadiz-2019-1-431x288.jpg 431w, https:\/\/www.marcosmedina.es\/wp-content\/uploads\/2019\/11\/Inauguracion-Cadiz-2019-1-940x627.jpg 940w, https:\/\/www.marcosmedina.es\/wp-content\/uploads\/2019\/11\/Inauguracion-Cadiz-2019-1-600x400.jpg 600w, https:\/\/www.marcosmedina.es\/wp-content\/uploads\/2019\/11\/Inauguracion-Cadiz-2019-1-500x334.jpg 500w, https:\/\/www.marcosmedina.es\/wp-content\/uploads\/2019\/11\/Inauguracion-Cadiz-2019-1-1135x757.jpg 1135w, https:\/\/www.marcosmedina.es\/wp-content\/uploads\/2019\/11\/Inauguracion-Cadiz-2019-1-547x365.jpg 547w, https:\/\/www.marcosmedina.es\/wp-content\/uploads\/2019\/11\/Inauguracion-Cadiz-2019-1-290x194.jpg 290w, https:\/\/www.marcosmedina.es\/wp-content\/uploads\/2019\/11\/Inauguracion-Cadiz-2019-1-600x400@2x.jpg 1200w, https:\/\/www.marcosmedina.es\/wp-content\/uploads\/2019\/11\/Inauguracion-Cadiz-2019-1-547x365@2x.jpg 1094w, https:\/\/www.marcosmedina.es\/wp-content\/uploads\/2019\/11\/Inauguracion-Cadiz-2019-1-290x194@2x.jpg 580w\" sizes=\"(max-width: 799px) 94vw, (max-width: 1023px) 67vw, (max-width: 1365px) 62vw, 1037\" \/><\/figure>\n\n\n\n<div style=\"height:141px\" aria-hidden=\"true\" class=\"wp-block-spacer\"><\/div>\n<\/div><\/div>\n","protected":false},"excerpt":{"rendered":"<p>\u201cCOCKTAIL\u00bb (2021) Exposici\u00f3n COCKTAIL Es un concepto minimalista de recuerdos que viaja en mi memoria cuando pienso en lugares, formas &hellip; <a href=\"https:\/\/www.marcosmedina.es\/?page_id=9175\" class=\"more-link\"><span class=\"more-button\">Continue reading &gt;<span class=\"screen-reader-text\">Exposiciones COCKTAIL<\/span><\/span><\/a><\/p>\n","protected":false},"author":1,"featured_media":0,"parent":0,"menu_order":0,"comment_status":"closed","ping_status":"closed","template":"","meta":{"footnotes":""},"class_list":["post-9175","page","type-page","status-publish","hentry"],"acf":[],"_links":{"self":[{"href":"https:\/\/www.marcosmedina.es\/index.php?rest_route=\/wp\/v2\/pages\/9175"}],"collection":[{"href":"https:\/\/www.marcosmedina.es\/index.php?rest_route=\/wp\/v2\/pages"}],"about":[{"href":"https:\/\/www.marcosmedina.es\/index.php?rest_route=\/wp\/v2\/types\/page"}],"author":[{"embeddable":true,"href":"https:\/\/www.marcosmedina.es\/index.php?rest_route=\/wp\/v2\/users\/1"}],"replies":[{"embeddable":true,"href":"https:\/\/www.marcosmedina.es\/index.php?rest_route=%2Fwp%2Fv2%2Fcomments&post=9175"}],"version-history":[{"count":3,"href":"https:\/\/www.marcosmedina.es\/index.php?rest_route=\/wp\/v2\/pages\/9175\/revisions"}],"predecessor-version":[{"id":9188,"href":"https:\/\/www.marcosmedina.es\/index.php?rest_route=\/wp\/v2\/pages\/9175\/revisions\/9188"}],"wp:attachment":[{"href":"https:\/\/www.marcosmedina.es\/index.php?rest_route=%2Fwp%2Fv2%2Fmedia&parent=9175"}],"curies":[{"name":"wp","href":"https:\/\/api.w.org\/{rel}","templated":true}]}}