{"id":9178,"date":"2025-08-29T15:27:57","date_gmt":"2025-08-29T15:27:57","guid":{"rendered":"https:\/\/www.marcosmedina.es\/?page_id=9178"},"modified":"2025-08-29T15:32:38","modified_gmt":"2025-08-29T15:32:38","slug":"9178-2","status":"publish","type":"page","link":"https:\/\/www.marcosmedina.es\/?page_id=9178","title":{"rendered":"Exposiciones SINAPSIS"},"content":{"rendered":"\n<div class=\"wp-block-group\"><div class=\"wp-block-group__inner-container is-layout-constrained wp-block-group-is-layout-constrained\">\n<p class=\"has-text-align-center\">\u00abSINAPSIS\u00bb<\/p>\n\n\n\n<p class=\"has-text-align-center\">(2019) Exposici\u00f3n<\/p>\n\n\n\n<div style=\"height:64px\" aria-hidden=\"true\" class=\"wp-block-spacer\"><\/div>\n\n\n\n<pre class=\"wp-block-preformatted\">Composici\u00f3n visual re\u00fane tres murales fotogr\u00e1ficos (\"Street Colors\", \"Otaku\" y \"Feria\") realizados en pel\u00edcula de 35 mm que, desde territorios culturales distintos, exploran una misma idea: transformar fragmentos reales en paisajes visuales nuevos.<br>Cada mural nace de la observaci\u00f3n cercana y del gesto de aislar lo que, en su contexto original, forma parte de un flujo mayor: la iconograf\u00eda vibrante del manga y el anime, la espontaneidad crom\u00e1tica del graffiti urbano, y la cadencia textil de las ferias andaluzas. Una vez extra\u00eddos, estos elementos se recomponen en mosaicos que multiplican el ritmo, la textura y el color, invitando a una lectura m\u00e1s pl\u00e1stica que narrativa.<br>El resultado es un di\u00e1logo entre mundos que rara vez coinciden: la cultura popular global, la creaci\u00f3n an\u00f3nima de la calle y la tradici\u00f3n festiva local. Al encontrarse en un mismo espacio, sus lenguajes visuales se cruzan y revelan un principio com\u00fan: cualquier imagen, por distinta que parezca, puede ser parte de una composici\u00f3n colectiva capaz de trascender su origen.<\/pre>\n\n\n\n<div style=\"height:113px\" aria-hidden=\"true\" class=\"wp-block-spacer\"><\/div>\n\n\n\n<figure class=\"wp-block-image size-large\"><a href=\"https:\/\/www.marcosmedina.es\/wp-content\/uploads\/2024\/08\/STREETCOLORS-2x2-mts.jpg\"><img loading=\"lazy\" decoding=\"async\" width=\"1920\" height=\"1920\" src=\"https:\/\/www.marcosmedina.es\/wp-content\/uploads\/2024\/08\/STREETCOLORS-2x2-mts-1920x1920.jpg\" alt=\"\" class=\"wp-image-8476\" srcset=\"https:\/\/www.marcosmedina.es\/wp-content\/uploads\/2024\/08\/STREETCOLORS-2x2-mts-1920x1920.jpg 1920w, https:\/\/www.marcosmedina.es\/wp-content\/uploads\/2024\/08\/STREETCOLORS-2x2-mts-940x940.jpg 940w, https:\/\/www.marcosmedina.es\/wp-content\/uploads\/2024\/08\/STREETCOLORS-2x2-mts-431x431.jpg 431w, https:\/\/www.marcosmedina.es\/wp-content\/uploads\/2024\/08\/STREETCOLORS-2x2-mts-1536x1536.jpg 1536w, https:\/\/www.marcosmedina.es\/wp-content\/uploads\/2024\/08\/STREETCOLORS-2x2-mts-2048x2048.jpg 2048w, https:\/\/www.marcosmedina.es\/wp-content\/uploads\/2024\/08\/STREETCOLORS-2x2-mts-120x120.jpg 120w, https:\/\/www.marcosmedina.es\/wp-content\/uploads\/2024\/08\/STREETCOLORS-2x2-mts-120x120@2x.jpg 240w\" sizes=\"(max-width: 799px) 94vw, (max-width: 1023px) 67vw, (max-width: 1365px) 62vw, 1037\" \/><\/a><\/figure>\n\n\n\n<div style=\"height:100px\" aria-hidden=\"true\" class=\"wp-block-spacer\"><\/div>\n\n\n\n<figure class=\"wp-block-image size-large\"><a href=\"https:\/\/www.marcosmedina.es\/wp-content\/uploads\/2024\/08\/FRIKI-2x2-mts.jpg\"><img loading=\"lazy\" decoding=\"async\" width=\"1920\" height=\"1920\" src=\"https:\/\/www.marcosmedina.es\/wp-content\/uploads\/2024\/08\/FRIKI-2x2-mts-1920x1920.jpg\" alt=\"\" class=\"wp-image-8477\" srcset=\"https:\/\/www.marcosmedina.es\/wp-content\/uploads\/2024\/08\/FRIKI-2x2-mts-1920x1920.jpg 1920w, https:\/\/www.marcosmedina.es\/wp-content\/uploads\/2024\/08\/FRIKI-2x2-mts-940x940.jpg 940w, https:\/\/www.marcosmedina.es\/wp-content\/uploads\/2024\/08\/FRIKI-2x2-mts-431x431.jpg 431w, https:\/\/www.marcosmedina.es\/wp-content\/uploads\/2024\/08\/FRIKI-2x2-mts-1536x1536.jpg 1536w, https:\/\/www.marcosmedina.es\/wp-content\/uploads\/2024\/08\/FRIKI-2x2-mts-2048x2048.jpg 2048w, https:\/\/www.marcosmedina.es\/wp-content\/uploads\/2024\/08\/FRIKI-2x2-mts-120x120.jpg 120w, https:\/\/www.marcosmedina.es\/wp-content\/uploads\/2024\/08\/FRIKI-2x2-mts-120x120@2x.jpg 240w\" sizes=\"(max-width: 799px) 94vw, (max-width: 1023px) 67vw, (max-width: 1365px) 62vw, 1037\" \/><\/a><\/figure>\n\n\n\n<div style=\"height:100px\" aria-hidden=\"true\" class=\"wp-block-spacer\"><\/div>\n\n\n\n<figure class=\"wp-block-image size-large\"><a href=\"https:\/\/www.marcosmedina.es\/wp-content\/uploads\/2024\/08\/FERIA-2x2-mts.jpg\"><img loading=\"lazy\" decoding=\"async\" width=\"1920\" height=\"1920\" src=\"https:\/\/www.marcosmedina.es\/wp-content\/uploads\/2024\/08\/FERIA-2x2-mts-1920x1920.jpg\" alt=\"\" class=\"wp-image-8478\" srcset=\"https:\/\/www.marcosmedina.es\/wp-content\/uploads\/2024\/08\/FERIA-2x2-mts-1920x1920.jpg 1920w, https:\/\/www.marcosmedina.es\/wp-content\/uploads\/2024\/08\/FERIA-2x2-mts-940x940.jpg 940w, https:\/\/www.marcosmedina.es\/wp-content\/uploads\/2024\/08\/FERIA-2x2-mts-431x431.jpg 431w, https:\/\/www.marcosmedina.es\/wp-content\/uploads\/2024\/08\/FERIA-2x2-mts-1536x1536.jpg 1536w, https:\/\/www.marcosmedina.es\/wp-content\/uploads\/2024\/08\/FERIA-2x2-mts-2048x2048.jpg 2048w, https:\/\/www.marcosmedina.es\/wp-content\/uploads\/2024\/08\/FERIA-2x2-mts-120x120.jpg 120w, https:\/\/www.marcosmedina.es\/wp-content\/uploads\/2024\/08\/FERIA-2x2-mts-120x120@2x.jpg 240w\" sizes=\"(max-width: 799px) 94vw, (max-width: 1023px) 67vw, (max-width: 1365px) 62vw, 1037\" \/><\/a><\/figure>\n\n\n\n<div style=\"height:221px\" aria-hidden=\"true\" class=\"wp-block-spacer\"><\/div>\n\n\n\n<h3 class=\"wp-block-heading\">SEVILLA (ESPA\u00d1A)<\/h3>\n\n\n\n<h5 class=\"wp-block-heading\">17 SEPTIEMBRE &#8211; 20 NOVIEMBRE 2019 Librer\u00eda Verbo e Imagen \/Wonder Photo Shop Mart\u00edn Iglesias<\/h5>\n\n\n\n<div style=\"height:120px\" aria-hidden=\"true\" class=\"wp-block-spacer\"><\/div>\n\n\n\n<figure class=\"wp-block-image size-large\"><a href=\"https:\/\/www.marcosmedina.es\/wp-content\/uploads\/2019\/11\/Expo1-Sevilla1.jpg\"><img loading=\"lazy\" decoding=\"async\" width=\"1500\" height=\"1001\" src=\"https:\/\/www.marcosmedina.es\/wp-content\/uploads\/2019\/11\/Expo1-Sevilla1.jpg\" alt=\"\" class=\"wp-image-4889\" srcset=\"https:\/\/www.marcosmedina.es\/wp-content\/uploads\/2019\/11\/Expo1-Sevilla1.jpg 1500w, https:\/\/www.marcosmedina.es\/wp-content\/uploads\/2019\/11\/Expo1-Sevilla1-431x288.jpg 431w, https:\/\/www.marcosmedina.es\/wp-content\/uploads\/2019\/11\/Expo1-Sevilla1-940x627.jpg 940w, https:\/\/www.marcosmedina.es\/wp-content\/uploads\/2019\/11\/Expo1-Sevilla1-600x400.jpg 600w, https:\/\/www.marcosmedina.es\/wp-content\/uploads\/2019\/11\/Expo1-Sevilla1-500x334.jpg 500w, https:\/\/www.marcosmedina.es\/wp-content\/uploads\/2019\/11\/Expo1-Sevilla1-1135x757.jpg 1135w, https:\/\/www.marcosmedina.es\/wp-content\/uploads\/2019\/11\/Expo1-Sevilla1-547x365.jpg 547w, https:\/\/www.marcosmedina.es\/wp-content\/uploads\/2019\/11\/Expo1-Sevilla1-290x194.jpg 290w, https:\/\/www.marcosmedina.es\/wp-content\/uploads\/2019\/11\/Expo1-Sevilla1-600x400@2x.jpg 1200w, https:\/\/www.marcosmedina.es\/wp-content\/uploads\/2019\/11\/Expo1-Sevilla1-547x365@2x.jpg 1094w, https:\/\/www.marcosmedina.es\/wp-content\/uploads\/2019\/11\/Expo1-Sevilla1-290x194@2x.jpg 580w\" sizes=\"(max-width: 799px) 94vw, (max-width: 1023px) 67vw, (max-width: 1365px) 62vw, 1037\" \/><\/a><\/figure>\n\n\n\n<div style=\"height:100px\" aria-hidden=\"true\" class=\"wp-block-spacer\"><\/div>\n\n\n\n<figure class=\"wp-block-image size-large\"><a href=\"https:\/\/www.marcosmedina.es\/wp-content\/uploads\/2019\/11\/Expo1-Sevilla2.jpg\"><img loading=\"lazy\" decoding=\"async\" width=\"1500\" height=\"1222\" src=\"https:\/\/www.marcosmedina.es\/wp-content\/uploads\/2019\/11\/Expo1-Sevilla2.jpg\" alt=\"\" class=\"wp-image-4888\" srcset=\"https:\/\/www.marcosmedina.es\/wp-content\/uploads\/2019\/11\/Expo1-Sevilla2.jpg 1500w, https:\/\/www.marcosmedina.es\/wp-content\/uploads\/2019\/11\/Expo1-Sevilla2-431x351.jpg 431w, https:\/\/www.marcosmedina.es\/wp-content\/uploads\/2019\/11\/Expo1-Sevilla2-940x766.jpg 940w, https:\/\/www.marcosmedina.es\/wp-content\/uploads\/2019\/11\/Expo1-Sevilla2-600x489.jpg 600w, https:\/\/www.marcosmedina.es\/wp-content\/uploads\/2019\/11\/Expo1-Sevilla2-500x407.jpg 500w, https:\/\/www.marcosmedina.es\/wp-content\/uploads\/2019\/11\/Expo1-Sevilla2-1135x925.jpg 1135w, https:\/\/www.marcosmedina.es\/wp-content\/uploads\/2019\/11\/Expo1-Sevilla2-547x446.jpg 547w, https:\/\/www.marcosmedina.es\/wp-content\/uploads\/2019\/11\/Expo1-Sevilla2-290x236.jpg 290w, https:\/\/www.marcosmedina.es\/wp-content\/uploads\/2019\/11\/Expo1-Sevilla2-600x489@2x.jpg 1200w, https:\/\/www.marcosmedina.es\/wp-content\/uploads\/2019\/11\/Expo1-Sevilla2-547x446@2x.jpg 1094w, https:\/\/www.marcosmedina.es\/wp-content\/uploads\/2019\/11\/Expo1-Sevilla2-290x236@2x.jpg 580w\" sizes=\"(max-width: 799px) 94vw, (max-width: 1023px) 67vw, (max-width: 1365px) 62vw, 1037\" \/><\/a><\/figure>\n\n\n\n<div style=\"height:100px\" aria-hidden=\"true\" class=\"wp-block-spacer\"><\/div>\n\n\n\n<figure class=\"wp-block-image size-large\"><a href=\"https:\/\/www.marcosmedina.es\/wp-content\/uploads\/2019\/11\/Expo1-Sevilla3.jpg\"><img loading=\"lazy\" decoding=\"async\" width=\"1500\" height=\"1240\" src=\"https:\/\/www.marcosmedina.es\/wp-content\/uploads\/2019\/11\/Expo1-Sevilla3.jpg\" alt=\"\" class=\"wp-image-4887\" srcset=\"https:\/\/www.marcosmedina.es\/wp-content\/uploads\/2019\/11\/Expo1-Sevilla3.jpg 1500w, https:\/\/www.marcosmedina.es\/wp-content\/uploads\/2019\/11\/Expo1-Sevilla3-431x356.jpg 431w, https:\/\/www.marcosmedina.es\/wp-content\/uploads\/2019\/11\/Expo1-Sevilla3-940x777.jpg 940w, https:\/\/www.marcosmedina.es\/wp-content\/uploads\/2019\/11\/Expo1-Sevilla3-600x496.jpg 600w, https:\/\/www.marcosmedina.es\/wp-content\/uploads\/2019\/11\/Expo1-Sevilla3-500x413.jpg 500w, https:\/\/www.marcosmedina.es\/wp-content\/uploads\/2019\/11\/Expo1-Sevilla3-1135x938.jpg 1135w, https:\/\/www.marcosmedina.es\/wp-content\/uploads\/2019\/11\/Expo1-Sevilla3-547x452.jpg 547w, https:\/\/www.marcosmedina.es\/wp-content\/uploads\/2019\/11\/Expo1-Sevilla3-290x240.jpg 290w, https:\/\/www.marcosmedina.es\/wp-content\/uploads\/2019\/11\/Expo1-Sevilla3-600x496@2x.jpg 1200w, https:\/\/www.marcosmedina.es\/wp-content\/uploads\/2019\/11\/Expo1-Sevilla3-547x452@2x.jpg 1094w, https:\/\/www.marcosmedina.es\/wp-content\/uploads\/2019\/11\/Expo1-Sevilla3-290x240@2x.jpg 580w\" sizes=\"(max-width: 799px) 94vw, (max-width: 1023px) 67vw, (max-width: 1365px) 62vw, 1037\" \/><\/a><\/figure>\n\n\n\n<div style=\"height:100px\" aria-hidden=\"true\" class=\"wp-block-spacer\"><\/div>\n\n\n\n<figure class=\"wp-block-image size-large\"><a href=\"https:\/\/www.marcosmedina.es\/wp-content\/uploads\/2019\/11\/Expo1-Sevilla4.jpg\"><img loading=\"lazy\" decoding=\"async\" width=\"1500\" height=\"1259\" src=\"https:\/\/www.marcosmedina.es\/wp-content\/uploads\/2019\/11\/Expo1-Sevilla4.jpg\" alt=\"\" class=\"wp-image-4886\" srcset=\"https:\/\/www.marcosmedina.es\/wp-content\/uploads\/2019\/11\/Expo1-Sevilla4.jpg 1500w, https:\/\/www.marcosmedina.es\/wp-content\/uploads\/2019\/11\/Expo1-Sevilla4-431x362.jpg 431w, https:\/\/www.marcosmedina.es\/wp-content\/uploads\/2019\/11\/Expo1-Sevilla4-940x789.jpg 940w, https:\/\/www.marcosmedina.es\/wp-content\/uploads\/2019\/11\/Expo1-Sevilla4-600x504.jpg 600w, https:\/\/www.marcosmedina.es\/wp-content\/uploads\/2019\/11\/Expo1-Sevilla4-500x420.jpg 500w, https:\/\/www.marcosmedina.es\/wp-content\/uploads\/2019\/11\/Expo1-Sevilla4-1135x953.jpg 1135w, https:\/\/www.marcosmedina.es\/wp-content\/uploads\/2019\/11\/Expo1-Sevilla4-547x459.jpg 547w, https:\/\/www.marcosmedina.es\/wp-content\/uploads\/2019\/11\/Expo1-Sevilla4-290x243.jpg 290w, https:\/\/www.marcosmedina.es\/wp-content\/uploads\/2019\/11\/Expo1-Sevilla4-600x504@2x.jpg 1200w, https:\/\/www.marcosmedina.es\/wp-content\/uploads\/2019\/11\/Expo1-Sevilla4-547x459@2x.jpg 1094w, https:\/\/www.marcosmedina.es\/wp-content\/uploads\/2019\/11\/Expo1-Sevilla4-290x243@2x.jpg 580w\" sizes=\"(max-width: 799px) 94vw, (max-width: 1023px) 67vw, (max-width: 1365px) 62vw, 1037\" \/><\/a><\/figure>\n\n\n\n<div style=\"height:182px\" aria-hidden=\"true\" class=\"wp-block-spacer\"><\/div>\n<\/div><\/div>\n","protected":false},"excerpt":{"rendered":"<p>\u00abSINAPSIS\u00bb (2019) Exposici\u00f3n Composici\u00f3n visual re\u00fane tres murales fotogr\u00e1ficos (\u00abStreet Colors\u00bb, \u00abOtaku\u00bb y \u00abFeria\u00bb) realizados en pel\u00edcula de 35 mm &hellip; <a href=\"https:\/\/www.marcosmedina.es\/?page_id=9178\" class=\"more-link\"><span class=\"more-button\">Continue reading &gt;<span class=\"screen-reader-text\">Exposiciones SINAPSIS<\/span><\/span><\/a><\/p>\n","protected":false},"author":1,"featured_media":0,"parent":0,"menu_order":0,"comment_status":"closed","ping_status":"closed","template":"","meta":{"footnotes":""},"class_list":["post-9178","page","type-page","status-publish","hentry"],"acf":[],"_links":{"self":[{"href":"https:\/\/www.marcosmedina.es\/index.php?rest_route=\/wp\/v2\/pages\/9178"}],"collection":[{"href":"https:\/\/www.marcosmedina.es\/index.php?rest_route=\/wp\/v2\/pages"}],"about":[{"href":"https:\/\/www.marcosmedina.es\/index.php?rest_route=\/wp\/v2\/types\/page"}],"author":[{"embeddable":true,"href":"https:\/\/www.marcosmedina.es\/index.php?rest_route=\/wp\/v2\/users\/1"}],"replies":[{"embeddable":true,"href":"https:\/\/www.marcosmedina.es\/index.php?rest_route=%2Fwp%2Fv2%2Fcomments&post=9178"}],"version-history":[{"count":3,"href":"https:\/\/www.marcosmedina.es\/index.php?rest_route=\/wp\/v2\/pages\/9178\/revisions"}],"predecessor-version":[{"id":9189,"href":"https:\/\/www.marcosmedina.es\/index.php?rest_route=\/wp\/v2\/pages\/9178\/revisions\/9189"}],"wp:attachment":[{"href":"https:\/\/www.marcosmedina.es\/index.php?rest_route=%2Fwp%2Fv2%2Fmedia&parent=9178"}],"curies":[{"name":"wp","href":"https:\/\/api.w.org\/{rel}","templated":true}]}}