{"id":9523,"date":"2026-01-05T14:14:09","date_gmt":"2026-01-05T14:14:09","guid":{"rendered":"https:\/\/www.marcosmedina.es\/?page_id=9523"},"modified":"2026-01-05T14:36:22","modified_gmt":"2026-01-05T14:36:22","slug":"exposicion-en-el-domus-dei","status":"publish","type":"page","link":"https:\/\/www.marcosmedina.es\/?page_id=9523","title":{"rendered":"Exposici\u00f3n en el DOMUS DEI"},"content":{"rendered":"\n<p class=\"has-blue-color has-text-color has-link-color\"><br><br><br><br><\/p>\n\n\n\n<p class=\"has-text-align-center has-blue-color has-text-color has-link-color wp-elements-8276f79b8a07278f9ef48b92088cf772\">\u201cLA VERDAD INMANENTE\u201d<\/p>\n\n\n\n<p><\/p>\n\n\n\n<p><\/p>\n\n\n<p class=\"has-text-align-center\">Fotograf\u00eda en vinilo transparente sobre panel de luz<\/p>\n<p class=\"has-text-align-center\">(2025)<\/p>\n<div class=\"wp-block-spacer\" style=\"height: 59px;\" aria-hidden=\"true\">\u00a0<\/div>\n<pre class=\"wp-block-preformatted has-normal-font-size\"><strong>\"La verdad inmanente\"<\/strong> En esta obra, la verdad inmanente nace de la grieta. No proviene del cielo, sinode la profundidad misma de la herida. All\u00ed donde todo parece resquebrajarse,algo persiste: una claridad que no promete salvaci\u00f3n, pero s\u00ed presencia.La superficie fragmentada evoca la experiencia humana del quiebre, del desiertointerior donde se confunden el dolor, la b\u00fasqueda y la fe. Sin embargo, de entreesas fisuras emerge una misericordia y empat\u00eda fundamental que atraviesa lamateria, recordando que incluso en el abismo puede revelarse un signo de vida.Una luz interna que persiste a pesar del sufrimiento y el quiebre, record\u00e1ndonosnuestra humanidad compartida.La Verdad Inmanente habla de lo que resiste. De esa energ\u00eda silenciosa que seabre paso entre lo roto, lo \u00e1rido, lo incierto. Una met\u00e1fora de la posibilidad deque, a\u00fan en la oscuridad, algo brille lo suficiente para guiarnos de nuevo hacianosotros mismos.<\/pre>\n<div class=\"wp-block-spacer\" style=\"height: 107px;\" aria-hidden=\"true\">\u00a0<\/div>\n<h3 class=\"wp-block-heading\">ESPACIO ARTE SACRO \u00abDOMUS DEI\u00bb &#8211; Exposici\u00f3n colectiva LA SALITA V &#8211; 5 Diciembre 2025 &#8211; 30 Enero 2026. Centro C\u00edvico \u00bb &#8211; Arcos de la Frontera (C\u00e1diz)<\/h3>\n\n\n<figure class=\"wp-block-image size-full\"><img loading=\"lazy\" decoding=\"async\" width=\"1101\" height=\"1830\" src=\"http:\/\/www.marcosmedina.es\/wp-content\/uploads\/2026\/01\/FF3E8AB5-1DFB-47B6-B7F8-BB5FE49D67B6.jpg\" alt=\"\" class=\"wp-image-9526\" srcset=\"https:\/\/www.marcosmedina.es\/wp-content\/uploads\/2026\/01\/FF3E8AB5-1DFB-47B6-B7F8-BB5FE49D67B6.jpg 1101w, https:\/\/www.marcosmedina.es\/wp-content\/uploads\/2026\/01\/FF3E8AB5-1DFB-47B6-B7F8-BB5FE49D67B6-940x1562.jpg 940w, https:\/\/www.marcosmedina.es\/wp-content\/uploads\/2026\/01\/FF3E8AB5-1DFB-47B6-B7F8-BB5FE49D67B6-431x716.jpg 431w, https:\/\/www.marcosmedina.es\/wp-content\/uploads\/2026\/01\/FF3E8AB5-1DFB-47B6-B7F8-BB5FE49D67B6-924x1536.jpg 924w\" sizes=\"(max-width: 799px) 94vw, (max-width: 1023px) 67vw, (max-width: 1365px) 62vw, 1037\" \/><\/figure>\n\n\n\n<div style=\"height:100px\" aria-hidden=\"true\" class=\"wp-block-spacer\"><\/div>\n\n\n\n<figure class=\"wp-block-video\"><video autoplay controls loop preload=\"auto\" src=\"http:\/\/www.marcosmedina.es\/wp-content\/uploads\/2026\/01\/IMG_2569.mov\" playsinline><\/video><\/figure>\n","protected":false},"excerpt":{"rendered":"<p>\u201cLA VERDAD INMANENTE\u201d Fotograf\u00eda en vinilo transparente sobre panel de luz (2025) \u00a0 \u00abLa verdad inmanente\u00bb En esta obra, la &hellip; <a href=\"https:\/\/www.marcosmedina.es\/?page_id=9523\" class=\"more-link\"><span class=\"more-button\">Continue reading &gt;<span class=\"screen-reader-text\">Exposici\u00f3n en el DOMUS DEI<\/span><\/span><\/a><\/p>\n","protected":false},"author":1,"featured_media":0,"parent":0,"menu_order":0,"comment_status":"closed","ping_status":"closed","template":"","meta":{"footnotes":""},"class_list":["post-9523","page","type-page","status-publish","hentry"],"acf":[],"_links":{"self":[{"href":"https:\/\/www.marcosmedina.es\/index.php?rest_route=\/wp\/v2\/pages\/9523"}],"collection":[{"href":"https:\/\/www.marcosmedina.es\/index.php?rest_route=\/wp\/v2\/pages"}],"about":[{"href":"https:\/\/www.marcosmedina.es\/index.php?rest_route=\/wp\/v2\/types\/page"}],"author":[{"embeddable":true,"href":"https:\/\/www.marcosmedina.es\/index.php?rest_route=\/wp\/v2\/users\/1"}],"replies":[{"embeddable":true,"href":"https:\/\/www.marcosmedina.es\/index.php?rest_route=%2Fwp%2Fv2%2Fcomments&post=9523"}],"version-history":[{"count":8,"href":"https:\/\/www.marcosmedina.es\/index.php?rest_route=\/wp\/v2\/pages\/9523\/revisions"}],"predecessor-version":[{"id":9539,"href":"https:\/\/www.marcosmedina.es\/index.php?rest_route=\/wp\/v2\/pages\/9523\/revisions\/9539"}],"wp:attachment":[{"href":"https:\/\/www.marcosmedina.es\/index.php?rest_route=%2Fwp%2Fv2%2Fmedia&parent=9523"}],"curies":[{"name":"wp","href":"https:\/\/api.w.org\/{rel}","templated":true}]}}